{"id":1079,"date":"2019-09-05T17:13:48","date_gmt":"2019-09-05T15:13:48","guid":{"rendered":"https:\/\/orgue.musicrea-jmc.fr\/boutique\/?post_type=product&#038;p=1079"},"modified":"2025-12-31T14:46:28","modified_gmt":"2025-12-31T13:46:28","slug":"cours-video-plein-jeu","status":"publish","type":"product","link":"https:\/\/orgue.musicrea-jmc.fr\/boutique\/produit\/cours-video-plein-jeu\/","title":{"rendered":"Cours vid\u00e9o : Plein Jeu"},"content":{"rendered":"<p align=\"CENTER\"><iframe src=\"\/\/www.youtube.com\/embed\/Tf-lpplyM4Q\" width=\"560\" height=\"314\" allowfullscreen=\"allowfullscreen\"><\/iframe><\/p>\n<p style=\"text-align: left;\" align=\"CENTER\"><strong>Un nouveau cours vid\u00e9o pour apprendre \u00e0 improviser un Grand Plein Jeu avec Cantus Firmus en taille \u00e0 la p\u00e9dale (plus de deux heures de vid\u00e9o).<br \/>\n<\/strong><\/p>\n<p align=\"LEFT\"><span style=\"font-size: large;\"><em>Sommaire :<\/em><br \/>\n<\/span><\/p>\n<p align=\"LEFT\"><span style=\"font-size: large;\"> <i>Explications techniques et harmonisation de gammes<\/i><\/span><\/p>\n<p align=\"LEFT\"><span style=\"font-size: large;\">Un encha\u00eenement particulier +6\/3 &#8211;&gt;5<\/span><\/p>\n<p align=\"LEFT\"><span style=\"font-size: large;\">Harmonisation de gammes : do majeur<\/span><\/p>\n<p align=\"LEFT\"><span style=\"font-size: large;\">Harmonisation de la gamme de r\u00e9 mineur<\/span><\/p>\n<p align=\"LEFT\"><span style=\"font-size: large;\">Improvisation<b>\u00a0<\/b>: sur une suite d&#8217;accords, CF \u00e0 la p\u00e9dale et commentaires en alternance aux manuels<\/span><\/p>\n<p align=\"LEFT\"><em><span style=\"font-size: large;\">Comment broder autour d&#8217;une m\u00eame harmonie<\/span><\/em><\/p>\n<p align=\"LEFT\"><span style=\"font-size: large;\">Accord de quinte : la p\u00e9dale joue la tonique de l&#8217;accord<\/span><\/p>\n<p align=\"LEFT\"><span style=\"font-size: large;\">Accord de quinte : la p\u00e9dale joue la tierce de l&#8217;accord<\/span><\/p>\n<p align=\"LEFT\"><span style=\"font-size: large;\">Accord de quinte : la p\u00e9dale joue la quinte de l&#8217;accord<\/span><\/p>\n<p align=\"LEFT\"><span style=\"font-size: large;\">Accord de sixte<\/span><\/p>\n<p align=\"LEFT\"><span style=\"font-size: large;\">Exemple d&#8217;improvisation<\/span><\/p>\n<p align=\"LEFT\"><span style=\"font-size: large;\">Formules sur l&#8217;accord de sixte <i>(suite)<\/i><\/span><\/p>\n<p align=\"LEFT\"><span style=\"font-size: large;\">Formules appliqu\u00e9es aux gammes de do majeur et r\u00e9 mineur<\/span><\/p>\n<p align=\"LEFT\"><span style=\"font-size: large;\">Improvisation sur le Kyrie <i>\u00ab\u00a0CUNCTIPOTENS GENITOR DEUS\u00a0\u00bb<\/i><\/span><\/p>\n<p align=\"LEFT\"><span style=\"font-size: large;\">Improvisation sur <i>\u00ab\u00a0CREATOR ALME SIDERUM\u00a0\u00bb<\/i><\/span><\/p>\n<p align=\"LEFT\"><span style=\"font-size: large;\">Comment improviser une introduction avant l&#8217;entr\u00e9e du Cantus Firmus<\/span><\/p>\n<p align=\"LEFT\"><span style=\"font-size: large;\">Improvisation sur <em>\u00ab\u00a0AVE MARIS STELLA\u00a0\u00bb<\/em><\/span><\/p>\n<p align=\"LEFT\">Dur\u00e9e totale : 2 heures 10 mn<\/p>\n<p align=\"LEFT\">\u00a0<\/p>\n","protected":false},"excerpt":{"rendered":"<p>Un nouveau cours vid\u00e9o pour apprendre \u00e0 improviser un Grand Plein Jeu avec Cantus Firmus en taille \u00e0 la p\u00e9dale (plus de deux heures de vid\u00e9o). Sommaire : Explications techniques et harmonisation de gammes Un encha\u00eenement particulier +6\/3 &#8211;&gt;5 Harmonisation de gammes : do majeur Harmonisation de la gamme de r\u00e9 mineur Improvisation\u00a0: sur une [&hellip;]<\/p>\n","protected":false},"featured_media":1083,"comment_status":"closed","ping_status":"closed","template":"","meta":[],"product_brand":[],"product_cat":[25],"product_tag":[],"class_list":{"0":"post-1079","1":"product","2":"type-product","3":"status-publish","4":"has-post-thumbnail","6":"product_cat-cours-video-telechargeable","8":"first","9":"instock","10":"downloadable","11":"virtual","12":"purchasable","13":"product-type-simple"},"jetpack_sharing_enabled":true,"_links":{"self":[{"href":"https:\/\/orgue.musicrea-jmc.fr\/boutique\/wp-json\/wp\/v2\/product\/1079","targetHints":{"allow":["GET"]}}],"collection":[{"href":"https:\/\/orgue.musicrea-jmc.fr\/boutique\/wp-json\/wp\/v2\/product"}],"about":[{"href":"https:\/\/orgue.musicrea-jmc.fr\/boutique\/wp-json\/wp\/v2\/types\/product"}],"replies":[{"embeddable":true,"href":"https:\/\/orgue.musicrea-jmc.fr\/boutique\/wp-json\/wp\/v2\/comments?post=1079"}],"wp:featuredmedia":[{"embeddable":true,"href":"https:\/\/orgue.musicrea-jmc.fr\/boutique\/wp-json\/wp\/v2\/media\/1083"}],"wp:attachment":[{"href":"https:\/\/orgue.musicrea-jmc.fr\/boutique\/wp-json\/wp\/v2\/media?parent=1079"}],"wp:term":[{"taxonomy":"product_brand","embeddable":true,"href":"https:\/\/orgue.musicrea-jmc.fr\/boutique\/wp-json\/wp\/v2\/product_brand?post=1079"},{"taxonomy":"product_cat","embeddable":true,"href":"https:\/\/orgue.musicrea-jmc.fr\/boutique\/wp-json\/wp\/v2\/product_cat?post=1079"},{"taxonomy":"product_tag","embeddable":true,"href":"https:\/\/orgue.musicrea-jmc.fr\/boutique\/wp-json\/wp\/v2\/product_tag?post=1079"}],"curies":[{"name":"wp","href":"https:\/\/api.w.org\/{rel}","templated":true}]}}