{"id":1174,"date":"2019-10-26T13:53:57","date_gmt":"2019-10-26T11:53:57","guid":{"rendered":"https:\/\/orgue.musicrea-jmc.fr\/boutique\/?post_type=product&#038;p=1174"},"modified":"2026-04-14T16:26:36","modified_gmt":"2026-04-14T14:26:36","slug":"cours-video-fugue-chapitre-1-exposition","status":"publish","type":"product","link":"https:\/\/orgue.musicrea-jmc.fr\/boutique\/produit\/cours-video-fugue-chapitre-1-exposition\/","title":{"rendered":"Cours vid\u00e9o : &#8220;FUGUE&#8221; Chapitre I : l&#8217;exposition"},"content":{"rendered":"<p align=\"LEFT\"><iframe src=\"\/\/www.youtube.com\/embed\/XDSMl5SLPOQ\" width=\"560\" height=\"314\" allowfullscreen=\"allowfullscreen\"><\/iframe><\/p>\n<p align=\"LEFT\">Dans ce cours vid\u00e9o, vous apprendrez \u00e0 improviser une exposition \u00e0 3 puis 4 voix (sujets avec r\u00e9ponses r\u00e9elles). Vous verrez \u00e9galement en d\u00e9tail comment construire une exposition \u00e0 six entr\u00e9es, qui constituera une improvisation \u00e0 part enti\u00e8re. Deux &#8220;fugues en kit&#8221; vous seront propos\u00e9es en guise d&#8217;exercice.<\/p>\n<p align=\"LEFT\">Ce cours vid\u00e9o est le premier chapitre consacr\u00e9 \u00e0 l&#8217;improvisation de la fugue.<\/p>\n<p align=\"LEFT\"><strong><em>Sommaire :<\/em><\/strong><\/p>\n<p align=\"LEFT\"><span style=\"font-size: large;\"><b>Introduction<\/b><\/span><\/p>\n<p align=\"LEFT\"><span style=\"font-size: large;\"><b><span style=\"font-family: Times New Roman, serif;\">\u00c9<\/span>l\u00e9ments constitutifs (le sujet, la r\u00e9ponse) exposition \u00e0 3 voix (sujet extrait du chant \u00ab Toi, Notre Dame \u00bb musique : <i>Michael Wackenheim<\/i>)<\/b><\/span><\/p>\n<p align=\"LEFT\"><span style=\"font-size: large;\">Comment proc\u00e9der pour improviser une exposition \u00e0 3 voix<\/span><\/p>\n<p align=\"LEFT\"><span style=\"font-size: large;\">Harmonisation du sujet \u00e0 3 voix<\/span><\/p>\n<p align=\"LEFT\"><span style=\"font-size: large;\">Comment trouver un contrepoint pour accompagner la r\u00e9ponse<\/span><\/p>\n<p align=\"LEFT\"><span style=\"font-size: large;\">Ier exemple d&#8217;exposition \u00e0 3 voix (basse\/alto\/soprano)<\/span><\/p>\n<p align=\"LEFT\"><span style=\"font-size: large;\">Soprano\/alto\/basse (harmonisation du sujet \u00e0 la basse)<\/span><\/p>\n<p align=\"LEFT\"><span style=\"font-size: large;\">Contrepoint pour la r\u00e9ponse (r\u00e9ponse \u00e0 la basse)<\/span><\/p>\n<p align=\"LEFT\"><span style=\"font-size: large;\">Alto\/basse\/soprano<\/span><\/p>\n<p align=\"LEFT\"><span style=\"font-size: large;\">Alto\/soprano\/basse<\/span><\/p>\n<p align=\"LEFT\"><span style=\"font-size: large;\">Conclusion<\/span><\/p>\n<p align=\"LEFT\"><span style=\"font-size: large;\"><b>Sujet en do majeur. Exposition \u00e0 3 voix<\/b><\/span><\/p>\n<p align=\"LEFT\"><span style=\"font-size: large;\">Harmonisation du sujet (contrepoint pour le sujet ou la r\u00e9ponse)<\/span><\/p>\n<p align=\"LEFT\"><span style=\"font-size: large;\">Harmonisation du sujet (sujet \u00e0 la basse)<\/span><\/p>\n<p align=\"LEFT\"><span style=\"font-size: large;\">Harmonisation de la r\u00e9ponse (r\u00e9ponse \u00e0 la basse) et contrepoint<\/span><\/p>\n<p align=\"LEFT\"><span style=\"font-size: large;\"><b>4\u00e8me voix<\/b><\/span><\/p>\n<p align=\"LEFT\"><span style=\"font-size: large;\">Exposition \u00e0 3 voix soprano\/alto\/basse<\/span><\/p>\n<p align=\"LEFT\"><span style=\"font-size: large;\">Ajout d&#8217;une 4\u00e8me voix (soprano\/alto\/t\u00e9nor\/basse)<\/span><\/p>\n<p align=\"LEFT\"><span style=\"font-size: large;\"><b>Exposition \u00e0 six entr\u00e9es<\/b><\/span><\/p>\n<p align=\"LEFT\"><span style=\"font-size: large;\">Basse\/t\u00e9nor\/alto\/soprano\/P\u00e9dale\/soprano2<\/span><\/p>\n<p align=\"LEFT\"><span style=\"font-size: large;\">Soprano\/alto\/t\u00e9nor\/basse\/soprano2\/p\u00e9dale<\/span><\/p>\n<p align=\"LEFT\"><span style=\"font-size: large;\">Idem sur le plenum<\/span><\/p>\n<p align=\"LEFT\"><span style=\"font-size: large;\"><b>Sujet en r\u00e9 mineur<\/b><\/span><\/p>\n<p align=\"LEFT\"><span style=\"font-size: large;\">Pr\u00e9paration (harmonisations et recherche des contrepoints pour une exposition \u00e0 4 voix)<\/span><\/p>\n<p align=\"LEFT\"><span style=\"font-size: large;\">Exposition \u00e0 4 voix (basse\/t\u00e9nor\/alto\/soprano)<\/span><\/p>\n<p align=\"LEFT\"><span style=\"font-size: large;\">Exposition \u00e0 six entr\u00e9es<\/span><\/p>\n<p align=\"LEFT\"><span style=\"font-size: large;\">Sur le plenum<\/span><\/p>\n<p align=\"LEFT\"><span style=\"font-size: large;\"><b>Exercices \u00ab fugue en kit \u00bb<\/b><\/span><\/p>\n<p align=\"LEFT\"><span style=\"font-size: large;\">Sujet en sol majeur<\/span><\/p>\n<p align=\"LEFT\"><span style=\"font-size: large;\">Exemple de r\u00e9alisation (exposition \u00e0 six entr\u00e9es)<\/span><\/p>\n<p align=\"LEFT\"><span style=\"font-size: large;\">Sujet en r\u00e9 mineur<\/span><\/p>\n<p align=\"LEFT\"><span style=\"font-size: large;\">Exemple de r\u00e9alisation (exposition \u00e0 six entr\u00e9es)<\/span><\/p>\n<p align=\"LEFT\"><span style=\"font-size: large;\">FIN (dur\u00e9e totale : 1h 12mn 28s)<br \/>\n<\/span><\/p>\n<p align=\"LEFT\">Fichiers PDF joints : chapitrage du film, sujets et r\u00e9ponses trait\u00e9s.<\/p>\n","protected":false},"excerpt":{"rendered":"<p>Dans ce cours vid\u00e9o, vous apprendrez \u00e0 improviser une exposition \u00e0 3 puis 4 voix (sujets avec r\u00e9ponses r\u00e9elles). Vous verrez \u00e9galement en d\u00e9tail comment construire une exposition \u00e0 six entr\u00e9es, qui constituera une improvisation \u00e0 part enti\u00e8re. Deux &#8220;fugues en kit&#8221; vous seront propos\u00e9es en guise d&#8217;exercice. Ce cours vid\u00e9o est le premier chapitre [&hellip;]<\/p>\n","protected":false},"featured_media":1175,"comment_status":"closed","ping_status":"closed","template":"","meta":[],"product_brand":[],"product_cat":[25],"product_tag":[],"class_list":{"0":"post-1174","1":"product","2":"type-product","3":"status-publish","4":"has-post-thumbnail","6":"product_cat-cours-video-telechargeable","8":"first","9":"instock","10":"downloadable","11":"virtual","12":"purchasable","13":"product-type-simple"},"jetpack_sharing_enabled":true,"_links":{"self":[{"href":"https:\/\/orgue.musicrea-jmc.fr\/boutique\/wp-json\/wp\/v2\/product\/1174","targetHints":{"allow":["GET"]}}],"collection":[{"href":"https:\/\/orgue.musicrea-jmc.fr\/boutique\/wp-json\/wp\/v2\/product"}],"about":[{"href":"https:\/\/orgue.musicrea-jmc.fr\/boutique\/wp-json\/wp\/v2\/types\/product"}],"replies":[{"embeddable":true,"href":"https:\/\/orgue.musicrea-jmc.fr\/boutique\/wp-json\/wp\/v2\/comments?post=1174"}],"wp:featuredmedia":[{"embeddable":true,"href":"https:\/\/orgue.musicrea-jmc.fr\/boutique\/wp-json\/wp\/v2\/media\/1175"}],"wp:attachment":[{"href":"https:\/\/orgue.musicrea-jmc.fr\/boutique\/wp-json\/wp\/v2\/media?parent=1174"}],"wp:term":[{"taxonomy":"product_brand","embeddable":true,"href":"https:\/\/orgue.musicrea-jmc.fr\/boutique\/wp-json\/wp\/v2\/product_brand?post=1174"},{"taxonomy":"product_cat","embeddable":true,"href":"https:\/\/orgue.musicrea-jmc.fr\/boutique\/wp-json\/wp\/v2\/product_cat?post=1174"},{"taxonomy":"product_tag","embeddable":true,"href":"https:\/\/orgue.musicrea-jmc.fr\/boutique\/wp-json\/wp\/v2\/product_tag?post=1174"}],"curies":[{"name":"wp","href":"https:\/\/api.w.org\/{rel}","templated":true}]}}