{"id":2378,"date":"2020-04-03T09:17:22","date_gmt":"2020-04-03T07:17:22","guid":{"rendered":"https:\/\/orgue.musicrea-jmc.fr\/boutique\/?post_type=product&#038;p=2378"},"modified":"2025-12-31T14:44:10","modified_gmt":"2025-12-31T13:44:10","slug":"cours-video-improviser-un-duo","status":"publish","type":"product","link":"https:\/\/orgue.musicrea-jmc.fr\/boutique\/produit\/cours-video-improviser-un-duo\/","title":{"rendered":"Cours vid\u00e9o : &#8220;Improviser un Duo&#8221;"},"content":{"rendered":"<p align=\"center\"><span style=\"font-size: x-large;\"><b>Improviser un Duo<\/b><\/span><\/p>\n<p style=\"text-align: left;\" align=\"center\">Apr\u00e8s L&#8217;improvisation du Plein Jeu et du Grand Jeu, ce nouveau cours vid\u00e9o vous donnera toutes les clefs pour apprendre \u00e0 improviser un Duo, autre genre incontournable de la musique Fran\u00e7aise du Grand Si\u00e8cle.<\/p>\n<p style=\"text-align: left;\" align=\"center\"><iframe src=\"\/\/www.youtube.com\/embed\/EZfEbMKAwl0\" width=\"560\" height=\"314\" allowfullscreen=\"allowfullscreen\"><\/iframe><\/p>\n<p style=\"text-align: left;\" align=\"center\"><span style=\"font-size: large;\"><strong>Sommaire :<\/strong> <br \/>\n<\/span><\/p>\n<ul>\n<li><span style=\"font-size: large;\">Improviser un Duo<\/span><\/li>\n<li><span style=\"font-size: large;\">Comment accompagner le sujet en basse ou dessus<\/span><\/li>\n<li><span style=\"font-size: large;\">Pr\u00e9sentation des formules (marches&amp;imitations)<\/span><\/li>\n<li><span style=\"font-size: large;\">Formules \u00e0 deux voix : explications &amp; d\u00e9veloppements<\/span><\/li>\n<li><span style=\"font-size: large;\">Improviser un Duo : exemple n\u00b01 en do majeur<\/span><\/li>\n<li><span style=\"font-size: large;\">Duo improvis\u00e9 en do majeur<\/span><\/li>\n<li><span style=\"font-size: large;\">Improviser un Duo : exemple n\u00b02 en sol mineur. Pr\u00e9sentation des diff\u00e9rents \u00e9l\u00e9ments constitutifs.<\/span><\/li>\n<li><span style=\"font-size: large;\">Improvisation d\u2019un Duo en sol mineur, \u00ab version comment\u00e9e \u00bb<\/span><\/li>\n<li><span style=\"font-size: large;\">Duo improvis\u00e9 en sol mineur<\/span><\/li>\n<li><span style=\"font-size: large;\">Fin (dur\u00e9e totale : 42 mn, 59 s)<br \/>\n<\/span><\/li>\n<\/ul>\n<p><strong>Documents PDF contenus dans le Pack<\/strong> :<\/p>\n<ul>\n<li><em><strong>Formules et sujets pour improviser le Duo<\/strong><\/em> : sous forme de partitions, toutes les structures et exemples d\u00e9taill\u00e9s, sujets trait\u00e9s dans le cours ansi que d&#8217;autres sujets propos\u00e9s avec leurs accompagnements, pour s&#8217;exercer \u00e0 l&#8217;improvisation.<\/li>\n<li><strong>Comment registrer le Duo <\/strong>: une liste de diff\u00e9rentes propositions de registrations, quelque soit l&#8217;orgue utilis\u00e9.<\/li>\n<li><strong>Chapitrage complet du film<\/strong>.<\/li>\n<\/ul>\n<p align=\"center\"><span style=\"font-size: medium;\"><span style=\"font-family: Liberation Serif, serif;\">\u00a0<\/span><\/span><\/p>\n","protected":false},"excerpt":{"rendered":"<p>Improviser un Duo Apr\u00e8s L&#8217;improvisation du Plein Jeu et du Grand Jeu, ce nouveau cours vid\u00e9o vous donnera toutes les clefs pour apprendre \u00e0 improviser un Duo, autre genre incontournable de la musique Fran\u00e7aise du Grand Si\u00e8cle. Sommaire : Improviser un Duo Comment accompagner le sujet en basse ou dessus Pr\u00e9sentation des formules (marches&amp;imitations) Formules [&hellip;]<\/p>\n","protected":false},"featured_media":2382,"comment_status":"closed","ping_status":"closed","template":"","meta":[],"product_brand":[],"product_cat":[25],"product_tag":[],"class_list":{"0":"post-2378","1":"product","2":"type-product","3":"status-publish","4":"has-post-thumbnail","6":"product_cat-cours-video-telechargeable","8":"first","9":"instock","10":"downloadable","11":"virtual","12":"purchasable","13":"product-type-simple"},"jetpack_sharing_enabled":true,"_links":{"self":[{"href":"https:\/\/orgue.musicrea-jmc.fr\/boutique\/wp-json\/wp\/v2\/product\/2378","targetHints":{"allow":["GET"]}}],"collection":[{"href":"https:\/\/orgue.musicrea-jmc.fr\/boutique\/wp-json\/wp\/v2\/product"}],"about":[{"href":"https:\/\/orgue.musicrea-jmc.fr\/boutique\/wp-json\/wp\/v2\/types\/product"}],"replies":[{"embeddable":true,"href":"https:\/\/orgue.musicrea-jmc.fr\/boutique\/wp-json\/wp\/v2\/comments?post=2378"}],"wp:featuredmedia":[{"embeddable":true,"href":"https:\/\/orgue.musicrea-jmc.fr\/boutique\/wp-json\/wp\/v2\/media\/2382"}],"wp:attachment":[{"href":"https:\/\/orgue.musicrea-jmc.fr\/boutique\/wp-json\/wp\/v2\/media?parent=2378"}],"wp:term":[{"taxonomy":"product_brand","embeddable":true,"href":"https:\/\/orgue.musicrea-jmc.fr\/boutique\/wp-json\/wp\/v2\/product_brand?post=2378"},{"taxonomy":"product_cat","embeddable":true,"href":"https:\/\/orgue.musicrea-jmc.fr\/boutique\/wp-json\/wp\/v2\/product_cat?post=2378"},{"taxonomy":"product_tag","embeddable":true,"href":"https:\/\/orgue.musicrea-jmc.fr\/boutique\/wp-json\/wp\/v2\/product_tag?post=2378"}],"curies":[{"name":"wp","href":"https:\/\/api.w.org\/{rel}","templated":true}]}}