{"id":2723,"date":"2020-10-27T11:21:40","date_gmt":"2020-10-27T10:21:40","guid":{"rendered":"https:\/\/orgue.musicrea-jmc.fr\/boutique\/?post_type=product&#038;p=2723"},"modified":"2025-12-31T14:43:01","modified_gmt":"2025-12-31T13:43:01","slug":"dans-les-pas-de-js-bach-cours-videopartitions","status":"publish","type":"product","link":"https:\/\/orgue.musicrea-jmc.fr\/boutique\/produit\/dans-les-pas-de-js-bach-cours-videopartitions\/","title":{"rendered":"&#8220;Dans les pas de JS BACH&#8221; : Cours vid\u00e9o&#038;Partitions"},"content":{"rendered":"<p style=\"text-align: center;\"><span style=\"font-size: 24px;\"><strong>&#8220;Dans les pas de JS BACH&#8221;<\/strong><\/span><\/p>\n<p><iframe src=\"\/\/www.youtube.com\/embed\/hnLalslGztc\" width=\"560\" height=\"314\" allowfullscreen=\"allowfullscreen\"><\/iframe><\/p>\n<p>Dans ce cours vid\u00e9o vous apprendrez \u00e0 construire et improviser un pr\u00e9lude ou une toccata autour de quatre \u00e9l\u00e9ments distincts et parfaitement compatibles. Vous pourrez ainsi choisir de les combiner \u00e0 votre guise et improviser librement.<\/p>\n<p>Le cours vid\u00e9o est accompagn\u00e9 d&#8217;un support de cours au format PDF. Ce support de cours est particuli\u00e8rement d\u00e9taill\u00e9 et constitue \u00e0 lui seul une v\u00e9ritable petite m\u00e9thode pour improviser.<\/p>\n<p>Le chapitrage du cours est \u00e9galement disponible dans le Pack.<\/p>\n<p><strong><span style=\"text-decoration: underline;\">Sommaire :<\/span><\/strong><\/p>\n<p align=\"left\"><span style=\"font-size: large;\"><br \/>\n<b> <\/b><\/span><\/p>\n<p align=\"left\"><em><span style=\"font-size: large;\"><b>1\u00e8re partie\u00a0:<\/b><\/span><\/em><\/p>\n<ul>\n<li><span style=\"font-size: large;\">Motif n\u00b01<\/span><\/li>\n<li><span style=\"font-size: large;\">Encha\u00eenement Ier degr\u00e9&amp;IV degr\u00e9<\/span><\/li>\n<li><span style=\"font-size: large;\">Motif n\u00b01 sur une grille d&#8217;accords<\/span><\/li>\n<li><span style=\"font-size: large;\">Trait de p\u00e9dale n\u00b01<\/span><\/li>\n<li><span style=\"font-size: large;\"><span style=\"font-family: Times New Roman, serif;\">\u00c9<\/span>tude improvis\u00e9e<\/span><\/li>\n<li><span style=\"font-size: large;\">Trait de p\u00e9dale n\u00b02<\/span><\/li>\n<li><span style=\"font-size: large;\">Grille d&#8217;accords et trait de p\u00e9dale n\u00b02<\/span><\/li>\n<li><span style=\"font-size: large;\">Exemple d&#8217;encha\u00eenements<\/span><\/li>\n<li><span style=\"font-size: large;\">Improvisation sur le motif n\u00b01 et les deux traits de p\u00e9dale<\/span><\/li>\n<li><span style=\"font-size: large;\">R\u00e9sum\u00e9 (motif n\u00b01)<\/span><\/li>\n<li><span style=\"font-size: large;\">Motif n\u00b02 : pr\u00e9sentation&amp;explication<\/span><\/li>\n<li><span style=\"font-size: large;\">Motif n\u00b02 : \u00e9change main droite&amp;main gauche<\/span><\/li>\n<li><span style=\"font-size: large;\">P\u00e9dale, main droite&amp;main gauche<\/span><\/li>\n<li><span style=\"font-size: large;\">Combiner les motifs 1 et 2<\/span><\/li>\n<li><span style=\"font-size: large;\">Motif n\u00b02 \u00ab resserr\u00e9 \u00bb<\/span><\/li>\n<li><span style=\"font-size: large;\">Exemple en la mineur<\/span><\/li>\n<\/ul>\n<p align=\"left\"><em><span style=\"font-size: large;\"><b>2\u00e8me partie\u00a0:<\/b><\/span><\/em><\/p>\n<ul>\n<li><span style=\"font-size: large;\">Marche n\u00b01<\/span><\/li>\n<li><span style=\"font-size: large;\">Marche n\u00b02<\/span><\/li>\n<li><span style=\"font-size: large;\">Encha\u00eenements des deux marches<\/span><\/li>\n<li><span style=\"font-size: large;\">Encha\u00eenements des marches 1 et 2 avec les motifs n\u00b01 et n\u00b02<\/span><\/li>\n<li><span style=\"font-size: large;\">Exemple d&#8217;improvisation : tempo mod\u00e9r\u00e9&amp;commentaires<\/span><\/li>\n<\/ul>\n<p align=\"left\"><span style=\"font-size: large;\"><strong><em>Dur\u00e9e totale 1h 2 mn 16 sec.<\/em><\/strong><b><br \/>\n<\/b><\/span><\/p>\n","protected":false},"excerpt":{"rendered":"<p>&#8220;Dans les pas de JS BACH&#8221; Dans ce cours vid\u00e9o vous apprendrez \u00e0 construire et improviser un pr\u00e9lude ou une toccata autour de quatre \u00e9l\u00e9ments distincts et parfaitement compatibles. Vous pourrez ainsi choisir de les combiner \u00e0 votre guise et improviser librement. Le cours vid\u00e9o est accompagn\u00e9 d&#8217;un support de cours au format PDF. Ce [&hellip;]<\/p>\n","protected":false},"featured_media":2724,"comment_status":"closed","ping_status":"closed","template":"","meta":[],"product_brand":[],"product_cat":[25],"product_tag":[],"class_list":{"0":"post-2723","1":"product","2":"type-product","3":"status-publish","4":"has-post-thumbnail","6":"product_cat-cours-video-telechargeable","8":"first","9":"instock","10":"downloadable","11":"virtual","12":"purchasable","13":"product-type-simple"},"jetpack_sharing_enabled":true,"_links":{"self":[{"href":"https:\/\/orgue.musicrea-jmc.fr\/boutique\/wp-json\/wp\/v2\/product\/2723","targetHints":{"allow":["GET"]}}],"collection":[{"href":"https:\/\/orgue.musicrea-jmc.fr\/boutique\/wp-json\/wp\/v2\/product"}],"about":[{"href":"https:\/\/orgue.musicrea-jmc.fr\/boutique\/wp-json\/wp\/v2\/types\/product"}],"replies":[{"embeddable":true,"href":"https:\/\/orgue.musicrea-jmc.fr\/boutique\/wp-json\/wp\/v2\/comments?post=2723"}],"wp:featuredmedia":[{"embeddable":true,"href":"https:\/\/orgue.musicrea-jmc.fr\/boutique\/wp-json\/wp\/v2\/media\/2724"}],"wp:attachment":[{"href":"https:\/\/orgue.musicrea-jmc.fr\/boutique\/wp-json\/wp\/v2\/media?parent=2723"}],"wp:term":[{"taxonomy":"product_brand","embeddable":true,"href":"https:\/\/orgue.musicrea-jmc.fr\/boutique\/wp-json\/wp\/v2\/product_brand?post=2723"},{"taxonomy":"product_cat","embeddable":true,"href":"https:\/\/orgue.musicrea-jmc.fr\/boutique\/wp-json\/wp\/v2\/product_cat?post=2723"},{"taxonomy":"product_tag","embeddable":true,"href":"https:\/\/orgue.musicrea-jmc.fr\/boutique\/wp-json\/wp\/v2\/product_tag?post=2723"}],"curies":[{"name":"wp","href":"https:\/\/api.w.org\/{rel}","templated":true}]}}