{"id":303,"date":"2017-05-11T09:08:59","date_gmt":"2017-05-11T07:08:59","guid":{"rendered":"https:\/\/orgue.musicrea-jmc.fr\/boutique\/?post_type=product&#038;p=303"},"modified":"2025-12-31T14:51:48","modified_gmt":"2025-12-31T13:51:48","slug":"cours-en-video-improviser-des-imitations","status":"publish","type":"product","link":"https:\/\/orgue.musicrea-jmc.fr\/boutique\/produit\/cours-en-video-improviser-des-imitations\/","title":{"rendered":"Cours en vid\u00e9o : improviser des imitations."},"content":{"rendered":"<p><iframe src=\"\/\/www.youtube.com\/embed\/V34xj4V3WmQ\" width=\"560\" height=\"314\" allowfullscreen=\"allowfullscreen\"><\/iframe> <\/p>\n<style type=\"text\/css\">\n<!--\n\t\t@page { margin: 2cm }\n\t\tP { margin-bottom: 0.21cm }\n\t-->\n<\/style>\n<\/p>\n<p>&nbsp;<\/p>\n<p><strong><em>Comment improvis<\/em><em>er<\/em> <em>des imitations \u00e0 partir de diff\u00e9rents intervalles.<\/em> <\/strong><\/p>\n<p>Ce cours en vid\u00e9o vous apprendra \u00e0 construire toute une improvisation \u00e0 partir d&#8217;intervalles &#8220;moteurs&#8221; trait\u00e9s en imitations par tuilages des voix. Il vous sera ainsi possible de cr\u00e9er vos propres improvisations en combinant ces \u00e9pisodes ascendants et descendants, en donnant une dimension contrapuntique au discours musical.<\/p>\n<p>&nbsp;<\/p>\n<p><span style=\"font-size: 20px;\"><strong><em>Sommaire de la vid\u00e9o (dur\u00e9e : 30 mn) :<\/em><\/strong><br \/>\n<\/span><\/p>\n<p>&nbsp;<\/p>\n<p align=\"CENTER\"><span style=\"font-size: large;\"><b>CHAPITRAGE DU FILM IMITATIONS<\/b><\/span><\/p>\n<ul>\n<li>\n<p align=\"LEFT\"><span style=\"font-size: large;\">00:00 <b>INTRO<\/b><\/span><\/p>\n<\/li>\n<li>\n<p align=\"LEFT\"><span style=\"font-size: large;\"><b>01:18<\/b> Intervalle de seconde\u00a0: mouvement ascendant<\/span><\/p>\n<\/li>\n<li>\n<p align=\"LEFT\"><span style=\"font-size: large;\"><b>03:08<\/b> Intervalle de seconde\u00a0: mouvement descendant<\/span><\/p>\n<\/li>\n<li>\n<p align=\"LEFT\"><span style=\"font-size: large;\"><b>04:16<\/b> Exemple sur le cornet du grand orgue, cromorne du positif et fl\u00fbte de p\u00e9dale.<\/span><\/p>\n<\/li>\n<li>\n<p align=\"LEFT\"><span style=\"font-size: large;\"><b>05:22<\/b> Variante autour de l&#8217;intervalle de seconde<\/span><\/p>\n<\/li>\n<li>\n<p align=\"LEFT\"><span style=\"font-size: large;\"><b>07:14<\/b> Intervalle de tierce<\/span><\/p>\n<\/li>\n<li>\n<p align=\"LEFT\"><span style=\"font-size: large;\"><b>10:06<\/b> Intervalle de quarte<\/span><\/p>\n<\/li>\n<\/ul>\n<ul>\n<li>\n<p align=\"LEFT\"><span style=\"font-size: large;\"><b>11:10<\/b> <b>Exercices<\/b><\/span><\/p>\n<\/li>\n<li>\n<p align=\"LEFT\"><span style=\"font-size: large;\"><b>11:14<\/b> Exercice pour l&#8217;intervalle de seconde<\/span><\/p>\n<\/li>\n<li>\n<p align=\"LEFT\"><span style=\"font-size: large;\"><b>13:14<\/b> Exercice pour l&#8217;intervalle de tierce<\/span><\/p>\n<\/li>\n<li>\n<p align=\"LEFT\"><span style=\"font-size: large;\"><b>15:54<\/b> Exercice pour l&#8217;intervalle de quarte<\/span><\/p>\n<\/li>\n<\/ul>\n<ul>\n<li>\n<p align=\"LEFT\"><span style=\"font-size: large;\"><b>18:00<\/b> <b>IMPROVISATION<\/b><\/span><\/p>\n<\/li>\n<li>\n<p align=\"LEFT\"><span style=\"font-size: large;\"><b>18:07<\/b> Pr\u00e9sentation de l&#8217;improvisation<\/span><\/p>\n<\/li>\n<li>\n<p align=\"LEFT\"><span style=\"font-size: large;\"><b>19:31<\/b> Le plan tonal<\/span><\/p>\n<\/li>\n<li>\n<p align=\"LEFT\"><span style=\"font-size: large;\"><b>20:04 <\/b> 1\u00e8re s\u00e9quence ascendante<\/span><\/p>\n<\/li>\n<li>\n<p align=\"LEFT\"><span style=\"font-size: large;\"><b>21:56 <\/b> 2\u00e8me s\u00e9quence descendante<\/span><\/p>\n<\/li>\n<li>\n<p align=\"LEFT\"><span style=\"font-size: large;\"><b>22:54<\/b> cadence parfaite en la mineur, modulation au relatif<\/span><\/p>\n<\/li>\n<li>\n<p align=\"LEFT\"><span style=\"font-size: large;\"><b>24:56<\/b> 3\u00e8me s\u00e9quence ascendante\u00a0: intervalles de quartes<\/span><\/p>\n<\/li>\n<li>\n<p align=\"LEFT\"><span style=\"font-size: large;\"><b>26:00<\/b> 4\u00e8me s\u00e9quence\u00a0: intervalles de tierces<\/span><\/p>\n<\/li>\n<li>\n<p align=\"LEFT\"><span style=\"font-size: large;\"><b>27:00<\/b> 5\u00e8me s\u00e9quence\u00a0: p\u00e9dale de dominante<\/span><\/p>\n<\/li>\n<li>\n<p align=\"LEFT\"><span style=\"font-size: large;\"><b>28:41<\/b> R\u00e9sum\u00e9 de l&#8217;improvisation<\/span><\/p>\n<\/li>\n<li>\n<p align=\"LEFT\"><span style=\"font-size: large;\"><b>30:01<\/b> <b>FIN<\/b><\/span><\/p>\n<\/li>\n<\/ul>\n<p>&nbsp;<\/p>\n<p><img data-recalc-dims=\"1\" decoding=\"async\" class=\"alignnone  wp-image-304\" src=\"https:\/\/i0.wp.com\/orgue.musicrea-jmc.fr\/boutique\/wp-content\/uploads\/sites\/2\/2017\/04\/2D8L4H5-1.gif?resize=69%2C32&#038;ssl=1\" alt=\"\" width=\"69\" height=\"32\" \/><\/p>\n","protected":false},"excerpt":{"rendered":"<p>&nbsp; Comment improviser des imitations \u00e0 partir de diff\u00e9rents intervalles. Ce cours en vid\u00e9o vous apprendra \u00e0 construire toute une improvisation \u00e0 partir d&#8217;intervalles &#8220;moteurs&#8221; trait\u00e9s en imitations par tuilages des voix. Il vous sera ainsi possible de cr\u00e9er vos propres improvisations en combinant ces \u00e9pisodes ascendants et descendants, en donnant une dimension contrapuntique au [&hellip;]<\/p>\n","protected":false},"featured_media":355,"comment_status":"closed","ping_status":"closed","template":"","meta":[],"product_brand":[],"product_cat":[25],"product_tag":[],"class_list":{"0":"post-303","1":"product","2":"type-product","3":"status-publish","4":"has-post-thumbnail","6":"product_cat-cours-video-telechargeable","8":"first","9":"instock","10":"downloadable","11":"virtual","12":"purchasable","13":"product-type-simple"},"jetpack_sharing_enabled":true,"_links":{"self":[{"href":"https:\/\/orgue.musicrea-jmc.fr\/boutique\/wp-json\/wp\/v2\/product\/303","targetHints":{"allow":["GET"]}}],"collection":[{"href":"https:\/\/orgue.musicrea-jmc.fr\/boutique\/wp-json\/wp\/v2\/product"}],"about":[{"href":"https:\/\/orgue.musicrea-jmc.fr\/boutique\/wp-json\/wp\/v2\/types\/product"}],"replies":[{"embeddable":true,"href":"https:\/\/orgue.musicrea-jmc.fr\/boutique\/wp-json\/wp\/v2\/comments?post=303"}],"wp:featuredmedia":[{"embeddable":true,"href":"https:\/\/orgue.musicrea-jmc.fr\/boutique\/wp-json\/wp\/v2\/media\/355"}],"wp:attachment":[{"href":"https:\/\/orgue.musicrea-jmc.fr\/boutique\/wp-json\/wp\/v2\/media?parent=303"}],"wp:term":[{"taxonomy":"product_brand","embeddable":true,"href":"https:\/\/orgue.musicrea-jmc.fr\/boutique\/wp-json\/wp\/v2\/product_brand?post=303"},{"taxonomy":"product_cat","embeddable":true,"href":"https:\/\/orgue.musicrea-jmc.fr\/boutique\/wp-json\/wp\/v2\/product_cat?post=303"},{"taxonomy":"product_tag","embeddable":true,"href":"https:\/\/orgue.musicrea-jmc.fr\/boutique\/wp-json\/wp\/v2\/product_tag?post=303"}],"curies":[{"name":"wp","href":"https:\/\/api.w.org\/{rel}","templated":true}]}}