{"id":3113,"date":"2021-12-07T18:16:44","date_gmt":"2021-12-07T17:16:44","guid":{"rendered":"https:\/\/orgue.musicrea-jmc.fr\/boutique\/?post_type=product&#038;p=3113"},"modified":"2025-12-31T14:41:00","modified_gmt":"2025-12-31T13:41:00","slug":"pour-improviser-a-lorgue-ou-au-clavecin-a-la-maniere-baroque","status":"publish","type":"product","link":"https:\/\/orgue.musicrea-jmc.fr\/boutique\/produit\/pour-improviser-a-lorgue-ou-au-clavecin-a-la-maniere-baroque\/","title":{"rendered":"Pour improviser \u00e0 l&#8217;orgue ou au clavecin \u00e0 la mani\u00e8re Baroque (ENVOI POSTAL POUR LA FRANCE)"},"content":{"rendered":"<p><iframe src=\"\/\/www.youtube.com\/embed\/ZcFla2mNk20\" width=\"560\" height=\"314\" allowfullscreen=\"allowfullscreen\"><\/iframe><\/p>\n<p>&nbsp;<\/p>\n<p>Nouveau cours d&#8217;improvisation, cette fois-ci au format &#8220;papier&#8221;.<\/p>\n<p>32 pages pour d\u00e9couvrir et d\u00e9velopper de nouvelles formules gr\u00e2ce auxquelles vous pourrez r\u00e9aliser de v\u00e9ritables petites \u00e9tudes pour clavier qui deviendront des exercices quotidiens d&#8217;improvisation.<\/p>\n<p><strong>&#8220;Pour improviser \u00e0 l&#8217;orgue ou au clavecin \u00e0 la mani\u00e8re Baroque&#8221; <\/strong>32 pages\u00a0 au format A4 (papier 120 g), reliure anneaux plastiques.<strong><br \/>\n<\/strong><\/p>\n<p><em>Envoi postal au tarif de 8 euros pour la France m\u00e9tropolitaine<\/em><\/p>\n<p><em><strong>Sommaire :<\/strong><\/em><\/p>\n<p>\u2022 p. 1 Motif principal<\/p>\n<p>\u2022 p. 2 Grille d&#8217;accords<\/p>\n<p>\u2022 p. 3 \u00e0 8 Analyse m\u00e9lodique<\/p>\n<p>\u2022 p 8 \u00e0 12 Transpositions des diff\u00e9rents \u00e9l\u00e9ments<\/p>\n<p>\u2022 p 13 \u00e0 14 Modulations<\/p>\n<p>\u2022 p 15 \u00e0 21 <br \/>\n&#8211; Modulations (suite)<br \/>\n&#8211; Diff\u00e9rentes formules extraites du motif principal<\/p>\n<p>\u2022 p. 22 \u00e0 24 Exemple d&#8217;assemblage des diff\u00e9rents \u00e9l\u00e9ments pour improviser<\/p>\n<p>\u2022 p. 25 \u00e0 26 Exercices pr\u00e9paratoires<\/p>\n<p>\u2022 p. 26 \u00e0 32 Exercice pour voyager dans tous les tons<\/p>\n","protected":false},"excerpt":{"rendered":"<p>&nbsp; Nouveau cours d&#8217;improvisation, cette fois-ci au format &#8220;papier&#8221;. 32 pages pour d\u00e9couvrir et d\u00e9velopper de nouvelles formules gr\u00e2ce auxquelles vous pourrez r\u00e9aliser de v\u00e9ritables petites \u00e9tudes pour clavier qui deviendront des exercices quotidiens d&#8217;improvisation. &#8220;Pour improviser \u00e0 l&#8217;orgue ou au clavecin \u00e0 la mani\u00e8re Baroque&#8221; 32 pages\u00a0 au format A4 (papier 120 g), reliure [&hellip;]<\/p>\n","protected":false},"featured_media":3112,"comment_status":"closed","ping_status":"closed","template":"","meta":[],"product_brand":[],"product_cat":[26],"product_tag":[],"class_list":{"0":"post-3113","1":"product","2":"type-product","3":"status-publish","4":"has-post-thumbnail","6":"product_cat-methode-partition-livraison-par-voie-postale","7":"product_shipping_class-methodes-france-metrpolitaine-10e","9":"first","10":"instock","11":"shipping-taxable","12":"purchasable","13":"product-type-simple"},"jetpack_sharing_enabled":true,"_links":{"self":[{"href":"https:\/\/orgue.musicrea-jmc.fr\/boutique\/wp-json\/wp\/v2\/product\/3113","targetHints":{"allow":["GET"]}}],"collection":[{"href":"https:\/\/orgue.musicrea-jmc.fr\/boutique\/wp-json\/wp\/v2\/product"}],"about":[{"href":"https:\/\/orgue.musicrea-jmc.fr\/boutique\/wp-json\/wp\/v2\/types\/product"}],"replies":[{"embeddable":true,"href":"https:\/\/orgue.musicrea-jmc.fr\/boutique\/wp-json\/wp\/v2\/comments?post=3113"}],"wp:featuredmedia":[{"embeddable":true,"href":"https:\/\/orgue.musicrea-jmc.fr\/boutique\/wp-json\/wp\/v2\/media\/3112"}],"wp:attachment":[{"href":"https:\/\/orgue.musicrea-jmc.fr\/boutique\/wp-json\/wp\/v2\/media?parent=3113"}],"wp:term":[{"taxonomy":"product_brand","embeddable":true,"href":"https:\/\/orgue.musicrea-jmc.fr\/boutique\/wp-json\/wp\/v2\/product_brand?post=3113"},{"taxonomy":"product_cat","embeddable":true,"href":"https:\/\/orgue.musicrea-jmc.fr\/boutique\/wp-json\/wp\/v2\/product_cat?post=3113"},{"taxonomy":"product_tag","embeddable":true,"href":"https:\/\/orgue.musicrea-jmc.fr\/boutique\/wp-json\/wp\/v2\/product_tag?post=3113"}],"curies":[{"name":"wp","href":"https:\/\/api.w.org\/{rel}","templated":true}]}}