{"id":3386,"date":"2022-10-03T16:53:23","date_gmt":"2022-10-03T14:53:23","guid":{"rendered":"https:\/\/orgue.musicrea-jmc.fr\/boutique\/?post_type=product&#038;p=3386"},"modified":"2025-12-31T14:22:36","modified_gmt":"2025-12-31T13:22:36","slug":"cours-video-prestissimo-improviser-sur-deux-accords-majeurs","status":"publish","type":"product","link":"https:\/\/orgue.musicrea-jmc.fr\/boutique\/produit\/cours-video-prestissimo-improviser-sur-deux-accords-majeurs\/","title":{"rendered":"Cours vid\u00e9o : improviser sur deux accords majeurs"},"content":{"rendered":"<p><iframe src=\"\/\/www.youtube.com\/embed\/-Av0m36KhBw\" width=\"560\" height=\"314\" allowfullscreen=\"allowfullscreen\"><\/iframe><\/p>\n<p><strong>&#8220;Comment improviser sur deux accords majeurs&#8221;<\/strong><\/p>\n<p>Dans ce nouveau cours vid\u00e9o, j&#8217;explique comment improviser sur deux accords majeurs, comment moduler et varier \u00e0 la demande.<\/p>\n<p>A l&#8217;aide de cette technique singuli\u00e8re, nous verrons ensemble comment improviser un r\u00e9cit de Cornet et une toccata, dans des couleurs contemporaines<\/p>\n<p>En plus de la vid\u00e9o, un PDF vient compl\u00e9ter cette formation.<\/p>\n<p>&nbsp;<\/p>\n<p><strong>Sommaire :<\/strong><\/p>\n<ul>\n<li>Pr\u00e9sentation de la technique<\/li>\n<li>02:49 Modulations<\/li>\n<li>07:30 Parcours harmonique sur diff\u00e9rents accords<\/li>\n<li>10:27 Un nouvel accord sur la quarte augment\u00e9e<\/li>\n<li>11:07 Le mode compatible<\/li>\n<li>12:27 R\u00e9cit de Cornet improvis\u00e9<\/li>\n<li>14:00 Toccata improvis\u00e9e : un premier exemple<\/li>\n<li>15:16 Explications et d\u00e9veloppement<\/li>\n<li>19:36 Toccata improvis\u00e9e sur le tutti de l&#8217;orgue<\/li>\n<li>21:14 Fin.<\/li>\n<\/ul>\n","protected":false},"excerpt":{"rendered":"<p>&#8220;Comment improviser sur deux accords majeurs&#8221; Dans ce nouveau cours vid\u00e9o, j&#8217;explique comment improviser sur deux accords majeurs, comment moduler et varier \u00e0 la demande. A l&#8217;aide de cette technique singuli\u00e8re, nous verrons ensemble comment improviser un r\u00e9cit de Cornet et une toccata, dans des couleurs contemporaines En plus de la vid\u00e9o, un PDF vient [&hellip;]<\/p>\n","protected":false},"featured_media":3387,"comment_status":"closed","ping_status":"closed","template":"","meta":[],"product_brand":[],"product_cat":[25,37],"product_tag":[],"class_list":{"0":"post-3386","1":"product","2":"type-product","3":"status-publish","4":"has-post-thumbnail","6":"product_cat-cours-video-telechargeable","7":"product_cat-cours-video-telechargeable-partitions","9":"first","10":"instock","11":"downloadable","12":"virtual","13":"purchasable","14":"product-type-simple"},"jetpack_sharing_enabled":true,"_links":{"self":[{"href":"https:\/\/orgue.musicrea-jmc.fr\/boutique\/wp-json\/wp\/v2\/product\/3386","targetHints":{"allow":["GET"]}}],"collection":[{"href":"https:\/\/orgue.musicrea-jmc.fr\/boutique\/wp-json\/wp\/v2\/product"}],"about":[{"href":"https:\/\/orgue.musicrea-jmc.fr\/boutique\/wp-json\/wp\/v2\/types\/product"}],"replies":[{"embeddable":true,"href":"https:\/\/orgue.musicrea-jmc.fr\/boutique\/wp-json\/wp\/v2\/comments?post=3386"}],"wp:featuredmedia":[{"embeddable":true,"href":"https:\/\/orgue.musicrea-jmc.fr\/boutique\/wp-json\/wp\/v2\/media\/3387"}],"wp:attachment":[{"href":"https:\/\/orgue.musicrea-jmc.fr\/boutique\/wp-json\/wp\/v2\/media?parent=3386"}],"wp:term":[{"taxonomy":"product_brand","embeddable":true,"href":"https:\/\/orgue.musicrea-jmc.fr\/boutique\/wp-json\/wp\/v2\/product_brand?post=3386"},{"taxonomy":"product_cat","embeddable":true,"href":"https:\/\/orgue.musicrea-jmc.fr\/boutique\/wp-json\/wp\/v2\/product_cat?post=3386"},{"taxonomy":"product_tag","embeddable":true,"href":"https:\/\/orgue.musicrea-jmc.fr\/boutique\/wp-json\/wp\/v2\/product_tag?post=3386"}],"curies":[{"name":"wp","href":"https:\/\/api.w.org\/{rel}","templated":true}]}}