{"id":346,"date":"2017-08-21T11:55:46","date_gmt":"2017-08-21T09:55:46","guid":{"rendered":"https:\/\/orgue.musicrea-jmc.fr\/boutique\/?post_type=product&#038;p=346"},"modified":"2025-12-31T14:51:14","modified_gmt":"2025-12-31T13:51:14","slug":"cours-video-de-l-harmonie-a-l-improvisation-2","status":"publish","type":"product","link":"https:\/\/orgue.musicrea-jmc.fr\/boutique\/produit\/cours-video-de-l-harmonie-a-l-improvisation-2\/","title":{"rendered":"Cours vid\u00e9o : &#8220;De l&#8217;harmonie \u00e0 l&#8217;improvisation&#8221;"},"content":{"rendered":"<p>&nbsp;<\/p>\n<p><iframe src=\"\/\/www.youtube.com\/embed\/MpPCW6hSiZA\" width=\"560\" height=\"314\" allowfullscreen=\"allowfullscreen\"><\/iframe><\/p>\n<p><em><strong>&#8220;Comment improviser diff\u00e9rentes variations dans tous les tons majeurs et mineurs&#8221;<br \/>\n<\/strong><\/em><\/p>\n<p>Ce cours est constitu\u00e9 de trois chapitres principaux :<\/p>\n<ul>\n<li>Accord de quinte, <em>les notions de base (exercices pratiques pour ma\u00eetriser tous les encha\u00eenements au clavier).<\/em><\/li>\n<li>Le cycle des accords de quintes : <em>un exercice incontournable pour s&#8217;exercer dans tous les tons et d\u00e9velopper ses r\u00e9flexes.<\/em><\/li>\n<li>Improvisation : <em>diff\u00e9rentes formules et tournures m\u00e9lodiques expliqu\u00e9es de A \u00e0 Z pour apprendre \u00e0 improviser des variations dans tous les tons.<\/em><\/li>\n<\/ul>\n<p>Deux fichiers PDF sont inclus dans le t\u00e9l\u00e9chargement :<\/p>\n<ul>\n<li>Le chapitrage complet du cours vid\u00e9o.<\/li>\n<li>La partition &#8220;cycle des accords de quintes&#8221;.<\/li>\n<\/ul>\n<p><em>Dur\u00e9e totale du cours vid\u00e9o : 1 heure 50 mn.<\/em><\/p>\n<p>&nbsp;<\/p>\n<p><strong>Sommaire :<\/strong><\/p>\n<p><strong>LES NOTIONS DE BASE<\/strong><br \/>\n\u2013 Accord de 5te : les notions de base<br \/>\n\u2013 Comment trouver une 5te juste \u00e0 partir d&#8217;une note fondamentale<br \/>\n\u2013 Accord majeur\/accord mineur<br \/>\n\u2013 Renversements et positions d&#8217;accords<br \/>\n\u2013 Encha\u00eenement des accords : \u00e9viter les fautes de 5tes&amp;8ves cons\u00e9cutives<br \/>\n\u2013 Exercice : parcours du clavier sur une harmonie<\/p>\n<p><strong>CYCLE DES ACCORDS DE 5TES<\/strong><br \/>\n\u2013 Formules&amp;tournures sur le cycle des accords de 5tes : deux exemples<br \/>\ntir\u00e9s des petits pr\u00e9ludes pour clavier de JS Bach.<br \/>\n\u2013 IMPROVISATION<br \/>\n\u2013 Un premier aper\u00e7u<br \/>\n\u2013 Le cours : plan et structure de l&#8217;improvisation<\/p>\n<p><strong>Les diff\u00e9rentes formules et tournures m\u00e9lodiques\u00a0<\/strong><\/p>\n<p>\u2013Tournure n\u00b0 1<br \/>\n\u2013Tournure n\u00b02<br \/>\n\u2013Tournure n\u00b03<br \/>\n\u2013Tournure n\u00b04 (gammes)<br \/>\n\u2013Tournure n\u00b05<br \/>\n\u2013Tournure n\u00b06<br \/>\n\u2013Registration&amp;r\u00e9sum\u00e9 de l&#8217;improvisation.<\/p>\n<p><em><strong>\u00a9MUSICREA2017<\/strong><\/em><\/p>\n","protected":false},"excerpt":{"rendered":"<p>&nbsp; &#8220;Comment improviser diff\u00e9rentes variations dans tous les tons majeurs et mineurs&#8221; Ce cours est constitu\u00e9 de trois chapitres principaux : Accord de quinte, les notions de base (exercices pratiques pour ma\u00eetriser tous les encha\u00eenements au clavier). Le cycle des accords de quintes : un exercice incontournable pour s&#8217;exercer dans tous les tons et d\u00e9velopper [&hellip;]<\/p>\n","protected":false},"featured_media":343,"comment_status":"closed","ping_status":"closed","template":"","meta":[],"product_brand":[],"product_cat":[25],"product_tag":[],"class_list":{"0":"post-346","1":"product","2":"type-product","3":"status-publish","4":"has-post-thumbnail","6":"product_cat-cours-video-telechargeable","8":"first","9":"instock","10":"downloadable","11":"virtual","12":"purchasable","13":"product-type-simple"},"jetpack_sharing_enabled":true,"_links":{"self":[{"href":"https:\/\/orgue.musicrea-jmc.fr\/boutique\/wp-json\/wp\/v2\/product\/346","targetHints":{"allow":["GET"]}}],"collection":[{"href":"https:\/\/orgue.musicrea-jmc.fr\/boutique\/wp-json\/wp\/v2\/product"}],"about":[{"href":"https:\/\/orgue.musicrea-jmc.fr\/boutique\/wp-json\/wp\/v2\/types\/product"}],"replies":[{"embeddable":true,"href":"https:\/\/orgue.musicrea-jmc.fr\/boutique\/wp-json\/wp\/v2\/comments?post=346"}],"wp:featuredmedia":[{"embeddable":true,"href":"https:\/\/orgue.musicrea-jmc.fr\/boutique\/wp-json\/wp\/v2\/media\/343"}],"wp:attachment":[{"href":"https:\/\/orgue.musicrea-jmc.fr\/boutique\/wp-json\/wp\/v2\/media?parent=346"}],"wp:term":[{"taxonomy":"product_brand","embeddable":true,"href":"https:\/\/orgue.musicrea-jmc.fr\/boutique\/wp-json\/wp\/v2\/product_brand?post=346"},{"taxonomy":"product_cat","embeddable":true,"href":"https:\/\/orgue.musicrea-jmc.fr\/boutique\/wp-json\/wp\/v2\/product_cat?post=346"},{"taxonomy":"product_tag","embeddable":true,"href":"https:\/\/orgue.musicrea-jmc.fr\/boutique\/wp-json\/wp\/v2\/product_tag?post=346"}],"curies":[{"name":"wp","href":"https:\/\/api.w.org\/{rel}","templated":true}]}}