{"id":349,"date":"2017-08-22T11:31:42","date_gmt":"2017-08-22T09:31:42","guid":{"rendered":"https:\/\/orgue.musicrea-jmc.fr\/boutique\/?post_type=product&#038;p=349"},"modified":"2025-12-31T14:50:18","modified_gmt":"2025-12-31T13:50:18","slug":"cours-en-video-improvisation-sur-le-choral-jesu-meine-freude","status":"publish","type":"product","link":"https:\/\/orgue.musicrea-jmc.fr\/boutique\/produit\/cours-en-video-improvisation-sur-le-choral-jesu-meine-freude\/","title":{"rendered":"Cours en vid\u00e9o : improvisation sur le choral &#8220;Jesu meine Freude&#8221;"},"content":{"rendered":"<p><iframe src=\"\/\/www.youtube.com\/embed\/nWERR9TO5i8\" width=\"560\" height=\"314\" allowfullscreen=\"allowfullscreen\"><\/iframe><\/p>\n<p>&nbsp;<\/p>\n<p><em><strong>&#8220;Comment improviser des variation sur une m\u00e9lodie de choral&#8221;. <\/strong><\/em>\u00c0 partir d&#8217;une harmonisation de base, tout le processus d\u00e9taill\u00e9 pas \u00e0 pas pour construire une variation orn\u00e9e, une variation <em>manualiter <\/em>ou encore une variation fugu\u00e9e avec le choral en taille.<\/p>\n<p>Deux fichiers PDF accompagnent les deux vid\u00e9os :<\/p>\n<ul>\n<li>Le chapitrage complet des deux s\u00e9quences vid\u00e9os.<\/li>\n<li>La partition : harmonisation du choral.<\/li>\n<\/ul>\n<p>Dur\u00e9e totale : 1 heure 21 minutes.<\/p>\n<p>&nbsp;<\/p>\n<p><strong>Sommaire :<\/strong><\/p>\n<p><strong>Vid\u00e9o n\u00b01<\/strong><\/p>\n<p>\u2013 00\/00 Introduction<br \/>\n\u2013 01:12 Harmonisation du choral<br \/>\n\u2013 02:21 1\u00e8re s\u00e9quence<br \/>\n\u2013 04:50 2\u00e8me s\u00e9quence<br \/>\n\u2013 06:46 3\u00e8me s\u00e9quence<br \/>\n\u2013 08:04 4\u00e8me s\u00e9quence<br \/>\n\u2013 10:28 5\u00e8me s\u00e9quence<br \/>\n\u2013 12:45 6\u00e8me s\u00e9quence<br \/>\n\u2013 13:18 R\u00e9sum\u00e9 de l&#8217;harmonisation du choral<br \/>\n\u2013 14:48 Derni\u00e8re cadence : emprunt au 4\u00e8me degr\u00e9<br \/>\n\u2013 17:25 Pr\u00e9sentation choraliter<br \/>\n\u2013<br \/>\n\u2013 25:09 Choral orn\u00e9 : introduction<br \/>\n\u2013 26:00 Comment orner la m\u00e9lodie du choral : technique de<br \/>\ndiminutions<br \/>\n\u2013 35:45 Pr\u00e9sentation choraliter avec diminutions<br \/>\n\u2013 37:15 Introduction et conclusion de la variation orn\u00e9e<br \/>\n\u2013\u2013<br \/>\n40:00 R\u00e9sum\u00e9 : les quatre \u00e9tapes principales<br \/>\n\u2013 41:56 Conclusion et fin.<\/p>\n<p>&nbsp;<\/p>\n<p><strong>Vid\u00e9o n\u00b02<\/strong><\/p>\n<p>\u2013 00:00 Variation manualiter : introduction<br \/>\n\u2013 00:49 Explication des diff\u00e9rents \u00e9l\u00e9ments constitutifs : 1\u00e8re<br \/>\ns\u00e9quence<br \/>\n\u2013 07:00 2\u00e8me s\u00e9quence<br \/>\n\u2013 09:20 3\u00e8me s\u00e9quence<br \/>\n\u2013 10:13 4\u00e8me s\u00e9quence<br \/>\n\u2013 10:50 5\u00e8me s\u00e9quence<br \/>\n\u2013 13:04 6\u00e8me s\u00e9quence<br \/>\n\u2013 13: 23 Coda<br \/>\n\u2013 14:36 R\u00e9sum\u00e9 de la variation<br \/>\n\u2013<br \/>\n\u2013 15:25 Choral en taille : pr\u00e9sentation<br \/>\n\u2013 15:55 Le cours : comment exposer le choral au t\u00e9nor<br \/>\n\u2013 20:00 2\u00e8me s\u00e9quence<br \/>\n\u2013 20:53 3\u00e8me s\u00e9quence<br \/>\n\u2013 21:23 4\u00e8me s\u00e9quence<br \/>\n\u2013 22:06 5\u00e8me s\u00e9quence<br \/>\n\u2013 22:56 6\u00e8me s\u00e9quence<br \/>\n\u2013 23:47 Exposition fugu\u00e9e<br \/>\n\u2013 26:22 Exposition fugu\u00e9e et entr\u00e9e du choral en taille<br \/>\n\u2013 27:15 Comment encha\u00eener les diff\u00e9rentes s\u00e9quences du choral<br \/>\n\u2013 30:12 Conclusion de la variation en taille<br \/>\n\u2013 32:51 Derni\u00e8re s\u00e9quence\/cadence finale\/coda<br \/>\n\u2013 33:48 Version comment\u00e9e<br \/>\n\u2013 36:11 Conclusion&amp;fin.<\/p>\n<p><strong>\u00a9MUSICREA 2017<\/strong><\/p>\n","protected":false},"excerpt":{"rendered":"<p>&nbsp; &#8220;Comment improviser des variation sur une m\u00e9lodie de choral&#8221;. \u00c0 partir d&#8217;une harmonisation de base, tout le processus d\u00e9taill\u00e9 pas \u00e0 pas pour construire une variation orn\u00e9e, une variation manualiter ou encore une variation fugu\u00e9e avec le choral en taille. Deux fichiers PDF accompagnent les deux vid\u00e9os : Le chapitrage complet des deux s\u00e9quences [&hellip;]<\/p>\n","protected":false},"featured_media":353,"comment_status":"closed","ping_status":"closed","template":"","meta":[],"product_brand":[],"product_cat":[25],"product_tag":[],"class_list":{"0":"post-349","1":"product","2":"type-product","3":"status-publish","4":"has-post-thumbnail","6":"product_cat-cours-video-telechargeable","8":"first","9":"instock","10":"downloadable","11":"virtual","12":"purchasable","13":"product-type-simple"},"jetpack_sharing_enabled":true,"_links":{"self":[{"href":"https:\/\/orgue.musicrea-jmc.fr\/boutique\/wp-json\/wp\/v2\/product\/349","targetHints":{"allow":["GET"]}}],"collection":[{"href":"https:\/\/orgue.musicrea-jmc.fr\/boutique\/wp-json\/wp\/v2\/product"}],"about":[{"href":"https:\/\/orgue.musicrea-jmc.fr\/boutique\/wp-json\/wp\/v2\/types\/product"}],"replies":[{"embeddable":true,"href":"https:\/\/orgue.musicrea-jmc.fr\/boutique\/wp-json\/wp\/v2\/comments?post=349"}],"wp:featuredmedia":[{"embeddable":true,"href":"https:\/\/orgue.musicrea-jmc.fr\/boutique\/wp-json\/wp\/v2\/media\/353"}],"wp:attachment":[{"href":"https:\/\/orgue.musicrea-jmc.fr\/boutique\/wp-json\/wp\/v2\/media?parent=349"}],"wp:term":[{"taxonomy":"product_brand","embeddable":true,"href":"https:\/\/orgue.musicrea-jmc.fr\/boutique\/wp-json\/wp\/v2\/product_brand?post=349"},{"taxonomy":"product_cat","embeddable":true,"href":"https:\/\/orgue.musicrea-jmc.fr\/boutique\/wp-json\/wp\/v2\/product_cat?post=349"},{"taxonomy":"product_tag","embeddable":true,"href":"https:\/\/orgue.musicrea-jmc.fr\/boutique\/wp-json\/wp\/v2\/product_tag?post=349"}],"curies":[{"name":"wp","href":"https:\/\/api.w.org\/{rel}","templated":true}]}}