{"id":3528,"date":"2023-02-23T14:14:14","date_gmt":"2023-02-23T13:14:14","guid":{"rendered":"https:\/\/orgue.musicrea-jmc.fr\/boutique\/?post_type=product&#038;p=3528"},"modified":"2025-12-31T14:03:55","modified_gmt":"2025-12-31T13:03:55","slug":"chaconnes-et-passacailles-des-clefs-pour-improviser","status":"publish","type":"product","link":"https:\/\/orgue.musicrea-jmc.fr\/boutique\/produit\/chaconnes-et-passacailles-des-clefs-pour-improviser\/","title":{"rendered":"Chaconnes et Passacailles, des Clefs pour improviser"},"content":{"rendered":"<p>Cet ouvrage constitue le <strong>3\u00e8me volume<\/strong> du <strong>\u00ab Cours d\u2019improvisation \u00e0 l\u2019usage des organistes \u00bb<\/strong>. Comme pour les pr\u00e9c\u00e9dents recueils, l\u2019approche est avant tout pratique et fonctionnelle. Elle permettra \u00e0 l\u2019organiste d\u2019improviser des chaconnes et passacailles gr\u00e2ce \u00e0 des formules et tournures qui s&#8217;adapteront \u00e0 divers encha\u00eenements harmoniques.<\/p>\n<p><em><strong>Au sommaire<\/strong> :<\/em><\/p>\n<p><strong>Exercices pr\u00e9paratoires p. 1 \u00e0 7<\/strong><\/p>\n<p><strong>Improviser une chaconne<\/strong><br \/>\n<strong><em>Formules pour \u00e9voluer librement sur une basse en blanches point\u00e9es p. 8<\/em><\/strong><\/p>\n<p>Variations sur le th\u00e8me n\u00b01 p. 8<\/p>\n<p>&#8211; Variation n\u00b01 : sur deux positions d&#8217;accords p. 8<br \/>\n&#8211; Variation n\u00b02 : appogiature du soprano et de l&#8217;alto p. 9<br \/>\n&#8211; Variation n\u00b03 : dialogue main droite&amp;main gauche sur deux claviers (et p\u00e9dale) p. 11<br \/>\n&#8211; Variation n\u00b04 : tierces et sixtes parall\u00e8les sur un clavier (et p\u00e9dale) p. 12<br \/>\n&#8211; Variation n\u00b05 : gammes p. 15<br \/>\n&#8211; Variation n\u00b06 : arp\u00e8ges p. 17<br \/>\n&#8211; Variation n\u00b07 : broderies en triolets p. 20<br \/>\n&#8211; Variation n\u00b08 : trio, 2 claviers et p\u00e9dale p.25<br \/>\n&#8211; Variation n\u00b09 : arp\u00e8ges sur deux claviers (th\u00e8me \u00e0 la p\u00e9dale), effet &#8220;d&#8217;\u00e9cho&#8221; p. 27<br \/>\n&#8211; Variation n\u00b010 : arp\u00e8ges en triolets p. 31<br \/>\n&#8211; Variation n\u00b011 : mouvements contraires en doubles croches p. 34<br \/>\n&#8211; Variation n\u00b012 : &#8220;Pedaliter&#8221; p. 37<\/p>\n<p>Autres th\u00e8mes de chaconnes p. 39<\/p>\n<p><strong>Th\u00e8me de passacaille n\u00b02 (deux harmonies par mesure) p. 41<\/strong><\/p>\n<p>Travail des diff\u00e9rentes distributions entre mains et p\u00e9dale p. 42<\/p>\n<p><strong>Improviser une passacaille<\/strong><br \/>\n<em><strong>Formules pour \u00e9voluer librement sur cette nouvelle basse p. 44<\/strong><\/em><\/p>\n<p>Variations sur le th\u00e8me n\u00b02 p. 44<\/p>\n<p>&#8211; Variation n\u00b01 : contretemps p. 44<br \/>\n&#8211; Variation n\u00b02 : contretemps&amp;doubles croches p. 46<br \/>\n&#8211; Variation n\u00b03 : arp\u00e8ges en triolets p. 48<br \/>\n&#8211; Variation n\u00b04 : arp\u00e8ges bris\u00e9s main droite&amp;accords main gauche p. 50<br \/>\n&#8211; Variation n\u00b05 : &#8220;\u00e0 la mani\u00e8re de Dietrich Buxtehude&#8221; p. 53<br \/>\n&#8211; Variation n\u00b06 : broderies en triolets p. 55<br \/>\n&#8211; Variation n\u00b07 : appogiatures p. 57<br \/>\n&#8211; Variation n\u00b08 : mouvements contraires en doubles croches p. 60<br \/>\n&#8211; Variation n\u00b09 : accords et contretemps p. 63<br \/>\n&#8211; Variation n\u00b010 : arp\u00e8ges ascendants p. 65<br \/>\n&#8211; Variation n\u00b011 : broderies en sixtes et tierces aux manuels, <br \/>\nrythmique au p\u00e9dalier p. 67<br \/>\n&#8211; Variation n\u00b012 : arp\u00e8ges par mouvements contraires p. 71<\/p>\n<p>Th\u00e8mes pour improviser la passacaille (deux accords par mesure) p. 75<\/p>\n<p><em><strong>75 pages format A4 120gr\/m2 reliure anneaux plastiques 12mm<\/strong><\/em><\/p>\n<p><strong>Si vous pr\u00e9f\u00e9rez r\u00e9gler par ch\u00e8que ou virement, merci de t\u00e9l\u00e9charger le <a href=\"https:\/\/orgue.musicrea-jmc.fr\/boutique\/wp-content\/uploads\/sites\/2\/2023\/02\/Bon-de-commande-Chaconnes-et-Passsacailles.pdf\">Bon de commande<\/a><br \/>\n<\/strong><\/p>\n","protected":false},"excerpt":{"rendered":"<p>Cet ouvrage constitue le 3\u00e8me volume du \u00ab Cours d\u2019improvisation \u00e0 l\u2019usage des organistes \u00bb. Comme pour les pr\u00e9c\u00e9dents recueils, l\u2019approche est avant tout pratique et fonctionnelle. Elle permettra \u00e0 l\u2019organiste d\u2019improviser des chaconnes et passacailles gr\u00e2ce \u00e0 des formules et tournures qui s&#8217;adapteront \u00e0 divers encha\u00eenements harmoniques. Au sommaire : Exercices pr\u00e9paratoires p. 1 [&hellip;]<\/p>\n","protected":false},"featured_media":3529,"comment_status":"closed","ping_status":"closed","template":"","meta":[],"product_brand":[],"product_cat":[26],"product_tag":[],"class_list":{"0":"post-3528","1":"product","2":"type-product","3":"status-publish","4":"has-post-thumbnail","6":"product_cat-methode-partition-livraison-par-voie-postale","7":"product_shipping_class-methodes-france-metrpolitaine-10e","9":"first","10":"instock","11":"shipping-taxable","12":"purchasable","13":"product-type-simple"},"jetpack_sharing_enabled":true,"_links":{"self":[{"href":"https:\/\/orgue.musicrea-jmc.fr\/boutique\/wp-json\/wp\/v2\/product\/3528","targetHints":{"allow":["GET"]}}],"collection":[{"href":"https:\/\/orgue.musicrea-jmc.fr\/boutique\/wp-json\/wp\/v2\/product"}],"about":[{"href":"https:\/\/orgue.musicrea-jmc.fr\/boutique\/wp-json\/wp\/v2\/types\/product"}],"replies":[{"embeddable":true,"href":"https:\/\/orgue.musicrea-jmc.fr\/boutique\/wp-json\/wp\/v2\/comments?post=3528"}],"wp:featuredmedia":[{"embeddable":true,"href":"https:\/\/orgue.musicrea-jmc.fr\/boutique\/wp-json\/wp\/v2\/media\/3529"}],"wp:attachment":[{"href":"https:\/\/orgue.musicrea-jmc.fr\/boutique\/wp-json\/wp\/v2\/media?parent=3528"}],"wp:term":[{"taxonomy":"product_brand","embeddable":true,"href":"https:\/\/orgue.musicrea-jmc.fr\/boutique\/wp-json\/wp\/v2\/product_brand?post=3528"},{"taxonomy":"product_cat","embeddable":true,"href":"https:\/\/orgue.musicrea-jmc.fr\/boutique\/wp-json\/wp\/v2\/product_cat?post=3528"},{"taxonomy":"product_tag","embeddable":true,"href":"https:\/\/orgue.musicrea-jmc.fr\/boutique\/wp-json\/wp\/v2\/product_tag?post=3528"}],"curies":[{"name":"wp","href":"https:\/\/api.w.org\/{rel}","templated":true}]}}