{"id":3743,"date":"2023-10-10T13:40:37","date_gmt":"2023-10-10T11:40:37","guid":{"rendered":"https:\/\/orgue.musicrea-jmc.fr\/boutique\/?post_type=product&#038;p=3743"},"modified":"2026-01-07T14:28:19","modified_gmt":"2026-01-07T13:28:19","slug":"les-pepites-de-lorganiste-n1-improviser-grace-a-une-marche-et-des-broderies-sur-lharmonie","status":"publish","type":"product","link":"https:\/\/orgue.musicrea-jmc.fr\/boutique\/produit\/les-pepites-de-lorganiste-n1-improviser-grace-a-une-marche-et-des-broderies-sur-lharmonie\/","title":{"rendered":"Les p\u00e9pites de l&#8217;organiste : n\u00b01 &#8220;Improviser gr\u00e2ce \u00e0 une marche et des broderies sur l&#8217;harmonie&#8221;"},"content":{"rendered":"<p><iframe src=\"\/\/www.youtube.com\/embed\/TVEcgvSmErE\" width=\"560\" height=\"314\" allowfullscreen=\"allowfullscreen\"><\/iframe><\/p>\n<p>&nbsp;<\/p>\n<p>Nouveau format de cours vid\u00e9o t\u00e9l\u00e9chargeable<\/p>\n<p>Dans cette vid\u00e9o je propose une nouvelle recette pour improviser. Une marche harmonique que l&#8217;on pourra &#8220;habiller&#8221; de diff\u00e9rentes fa\u00e7ons et qui va nous permettre d&#8217;\u00e9voluer librement sur le clavier. Une deuxi\u00e8me technique viendra parachever cette premi\u00e8re <em>&#8220;p\u00e9pite de l&#8217;organiste&#8221;<\/em>.<\/p>\n<p><span style=\"text-decoration: underline;\">NB : une fois t\u00e9l\u00e9charg\u00e9, le fichier porte le nom suivant <strong>Les_Pepites_De_L_Organiste_Num_1_V3.zip<\/strong><\/span><\/p>\n<p>&nbsp;<\/p>\n","protected":false},"excerpt":{"rendered":"<p>&nbsp; Nouveau format de cours vid\u00e9o t\u00e9l\u00e9chargeable Dans cette vid\u00e9o je propose une nouvelle recette pour improviser. Une marche harmonique que l&#8217;on pourra &#8220;habiller&#8221; de diff\u00e9rentes fa\u00e7ons et qui va nous permettre d&#8217;\u00e9voluer librement sur le clavier. Une deuxi\u00e8me technique viendra parachever cette premi\u00e8re &#8220;p\u00e9pite de l&#8217;organiste&#8221;. NB : une fois t\u00e9l\u00e9charg\u00e9, le fichier porte [&hellip;]<\/p>\n","protected":false},"featured_media":3745,"comment_status":"closed","ping_status":"closed","template":"","meta":[],"product_brand":[],"product_cat":[37],"product_tag":[],"class_list":{"0":"post-3743","1":"product","2":"type-product","3":"status-publish","4":"has-post-thumbnail","6":"product_cat-cours-video-telechargeable-partitions","8":"first","9":"instock","10":"downloadable","11":"virtual","12":"purchasable","13":"product-type-simple"},"jetpack_sharing_enabled":true,"_links":{"self":[{"href":"https:\/\/orgue.musicrea-jmc.fr\/boutique\/wp-json\/wp\/v2\/product\/3743","targetHints":{"allow":["GET"]}}],"collection":[{"href":"https:\/\/orgue.musicrea-jmc.fr\/boutique\/wp-json\/wp\/v2\/product"}],"about":[{"href":"https:\/\/orgue.musicrea-jmc.fr\/boutique\/wp-json\/wp\/v2\/types\/product"}],"replies":[{"embeddable":true,"href":"https:\/\/orgue.musicrea-jmc.fr\/boutique\/wp-json\/wp\/v2\/comments?post=3743"}],"wp:featuredmedia":[{"embeddable":true,"href":"https:\/\/orgue.musicrea-jmc.fr\/boutique\/wp-json\/wp\/v2\/media\/3745"}],"wp:attachment":[{"href":"https:\/\/orgue.musicrea-jmc.fr\/boutique\/wp-json\/wp\/v2\/media?parent=3743"}],"wp:term":[{"taxonomy":"product_brand","embeddable":true,"href":"https:\/\/orgue.musicrea-jmc.fr\/boutique\/wp-json\/wp\/v2\/product_brand?post=3743"},{"taxonomy":"product_cat","embeddable":true,"href":"https:\/\/orgue.musicrea-jmc.fr\/boutique\/wp-json\/wp\/v2\/product_cat?post=3743"},{"taxonomy":"product_tag","embeddable":true,"href":"https:\/\/orgue.musicrea-jmc.fr\/boutique\/wp-json\/wp\/v2\/product_tag?post=3743"}],"curies":[{"name":"wp","href":"https:\/\/api.w.org\/{rel}","templated":true}]}}