{"id":3826,"date":"2023-12-07T18:21:53","date_gmt":"2023-12-07T17:21:53","guid":{"rendered":"https:\/\/orgue.musicrea-jmc.fr\/boutique\/?post_type=product&#038;p=3826"},"modified":"2025-12-31T14:16:51","modified_gmt":"2025-12-31T13:16:51","slug":"les-pepites-de-lorganiste-improviser-a-la-maniere-dun-trio","status":"publish","type":"product","link":"https:\/\/orgue.musicrea-jmc.fr\/boutique\/produit\/les-pepites-de-lorganiste-improviser-a-la-maniere-dun-trio\/","title":{"rendered":"Les p\u00e9pites de l&#8217;organiste : &#8220;Improviser \u00e0 la mani\u00e8re d&#8217;un Trio&#8221;"},"content":{"rendered":"<p><iframe src=\"\/\/www.youtube.com\/embed\/d37oz0UP1xA\" width=\"560\" height=\"314\" allowfullscreen=\"allowfullscreen\"><\/iframe><\/p>\n<p>Nouveau format de cours vid\u00e9o t\u00e9l\u00e9chargeable<\/p>\n<p>&#8220;Improviser \u00e0 la mani\u00e8re d&#8217;un trio&#8221;<\/p>\n<p>Dans ce nouvel opus j&#8217;expose et d\u00e9veloppe diff\u00e9rentes techniques pour improviser un trio. Ces s\u00e9quences permettent d&#8217;\u00e9voluer librement sur tout accord. Ainsi, l&#8217;organiste pourra improviser gr\u00e2ces \u00e0 ces formules et d\u00e9velopper le genre &#8220;Trio&#8221; quel que soit le parcours harmonique.<\/p>\n","protected":false},"excerpt":{"rendered":"<p>Nouveau format de cours vid\u00e9o t\u00e9l\u00e9chargeable &#8220;Improviser \u00e0 la mani\u00e8re d&#8217;un trio&#8221; Dans ce nouvel opus j&#8217;expose et d\u00e9veloppe diff\u00e9rentes techniques pour improviser un trio. Ces s\u00e9quences permettent d&#8217;\u00e9voluer librement sur tout accord. Ainsi, l&#8217;organiste pourra improviser gr\u00e2ces \u00e0 ces formules et d\u00e9velopper le genre &#8220;Trio&#8221; quel que soit le parcours harmonique.<\/p>\n","protected":false},"featured_media":3745,"comment_status":"closed","ping_status":"closed","template":"","meta":[],"product_brand":[],"product_cat":[25,37],"product_tag":[],"class_list":{"0":"post-3826","1":"product","2":"type-product","3":"status-publish","4":"has-post-thumbnail","6":"product_cat-cours-video-telechargeable","7":"product_cat-cours-video-telechargeable-partitions","9":"first","10":"instock","11":"downloadable","12":"virtual","13":"purchasable","14":"product-type-simple"},"jetpack_sharing_enabled":true,"_links":{"self":[{"href":"https:\/\/orgue.musicrea-jmc.fr\/boutique\/wp-json\/wp\/v2\/product\/3826","targetHints":{"allow":["GET"]}}],"collection":[{"href":"https:\/\/orgue.musicrea-jmc.fr\/boutique\/wp-json\/wp\/v2\/product"}],"about":[{"href":"https:\/\/orgue.musicrea-jmc.fr\/boutique\/wp-json\/wp\/v2\/types\/product"}],"replies":[{"embeddable":true,"href":"https:\/\/orgue.musicrea-jmc.fr\/boutique\/wp-json\/wp\/v2\/comments?post=3826"}],"wp:featuredmedia":[{"embeddable":true,"href":"https:\/\/orgue.musicrea-jmc.fr\/boutique\/wp-json\/wp\/v2\/media\/3745"}],"wp:attachment":[{"href":"https:\/\/orgue.musicrea-jmc.fr\/boutique\/wp-json\/wp\/v2\/media?parent=3826"}],"wp:term":[{"taxonomy":"product_brand","embeddable":true,"href":"https:\/\/orgue.musicrea-jmc.fr\/boutique\/wp-json\/wp\/v2\/product_brand?post=3826"},{"taxonomy":"product_cat","embeddable":true,"href":"https:\/\/orgue.musicrea-jmc.fr\/boutique\/wp-json\/wp\/v2\/product_cat?post=3826"},{"taxonomy":"product_tag","embeddable":true,"href":"https:\/\/orgue.musicrea-jmc.fr\/boutique\/wp-json\/wp\/v2\/product_tag?post=3826"}],"curies":[{"name":"wp","href":"https:\/\/api.w.org\/{rel}","templated":true}]}}