{"id":3871,"date":"2024-01-04T16:04:50","date_gmt":"2024-01-04T15:04:50","guid":{"rendered":"https:\/\/orgue.musicrea-jmc.fr\/boutique\/?post_type=product&#038;p=3871"},"modified":"2026-01-07T14:29:05","modified_gmt":"2026-01-07T13:29:05","slug":"les-pepites-de-lorganiste-improviser-librement-grace-a-deux-motifs-interchangeables","status":"publish","type":"product","link":"https:\/\/orgue.musicrea-jmc.fr\/boutique\/produit\/les-pepites-de-lorganiste-improviser-librement-grace-a-deux-motifs-interchangeables\/","title":{"rendered":"Les p\u00e9pites de l&#8217;organiste : &#8220;Improviser librement gr\u00e2ce \u00e0 deux motifs interchangeables&#8221;"},"content":{"rendered":"<p><iframe src=\"\/\/www.youtube.com\/embed\/Wck0WpBATPM\" width=\"560\" height=\"314\" allowfullscreen=\"allowfullscreen\"><\/iframe><\/p>\n<p>Nouveau format de cours vid\u00e9o t\u00e9l\u00e9chargeable<\/p>\n<p>&#8220;Improviser librement gr\u00e2ce \u00e0 deux motifs interchangeables&#8221;<\/p>\n<p>Dans ce nouvel opus je pr\u00e9sente deux motifs que l&#8217;on pourra combiner de diff\u00e9rentes mani\u00e8res. Ils permettent d&#8217;\u00e9voluer sur le clavier tout en modulant librement. Une formule fugu\u00e9e et une formule cadentielle viendront compl\u00e9ter l&#8217;ensemble.<\/p>\n<p>NB : une fois t\u00e9l\u00e9charg\u00e9, le fichier porte le nom suivant<strong> Les_Pepites_De_L_Organiste_N_2_V_3.mp4<\/strong><\/p>\n","protected":false},"excerpt":{"rendered":"<p>Nouveau format de cours vid\u00e9o t\u00e9l\u00e9chargeable &#8220;Improviser librement gr\u00e2ce \u00e0 deux motifs interchangeables&#8221; Dans ce nouvel opus je pr\u00e9sente deux motifs que l&#8217;on pourra combiner de diff\u00e9rentes mani\u00e8res. Ils permettent d&#8217;\u00e9voluer sur le clavier tout en modulant librement. Une formule fugu\u00e9e et une formule cadentielle viendront compl\u00e9ter l&#8217;ensemble. NB : une fois t\u00e9l\u00e9charg\u00e9, le fichier [&hellip;]<\/p>\n","protected":false},"featured_media":3745,"comment_status":"closed","ping_status":"closed","template":"","meta":[],"product_brand":[],"product_cat":[25],"product_tag":[],"class_list":{"0":"post-3871","1":"product","2":"type-product","3":"status-publish","4":"has-post-thumbnail","6":"product_cat-cours-video-telechargeable","8":"first","9":"instock","10":"downloadable","11":"virtual","12":"purchasable","13":"product-type-simple"},"jetpack_sharing_enabled":true,"_links":{"self":[{"href":"https:\/\/orgue.musicrea-jmc.fr\/boutique\/wp-json\/wp\/v2\/product\/3871","targetHints":{"allow":["GET"]}}],"collection":[{"href":"https:\/\/orgue.musicrea-jmc.fr\/boutique\/wp-json\/wp\/v2\/product"}],"about":[{"href":"https:\/\/orgue.musicrea-jmc.fr\/boutique\/wp-json\/wp\/v2\/types\/product"}],"replies":[{"embeddable":true,"href":"https:\/\/orgue.musicrea-jmc.fr\/boutique\/wp-json\/wp\/v2\/comments?post=3871"}],"wp:featuredmedia":[{"embeddable":true,"href":"https:\/\/orgue.musicrea-jmc.fr\/boutique\/wp-json\/wp\/v2\/media\/3745"}],"wp:attachment":[{"href":"https:\/\/orgue.musicrea-jmc.fr\/boutique\/wp-json\/wp\/v2\/media?parent=3871"}],"wp:term":[{"taxonomy":"product_brand","embeddable":true,"href":"https:\/\/orgue.musicrea-jmc.fr\/boutique\/wp-json\/wp\/v2\/product_brand?post=3871"},{"taxonomy":"product_cat","embeddable":true,"href":"https:\/\/orgue.musicrea-jmc.fr\/boutique\/wp-json\/wp\/v2\/product_cat?post=3871"},{"taxonomy":"product_tag","embeddable":true,"href":"https:\/\/orgue.musicrea-jmc.fr\/boutique\/wp-json\/wp\/v2\/product_tag?post=3871"}],"curies":[{"name":"wp","href":"https:\/\/api.w.org\/{rel}","templated":true}]}}