{"id":4239,"date":"2026-03-19T16:09:29","date_gmt":"2026-03-19T15:09:29","guid":{"rendered":"https:\/\/orgue.musicrea-jmc.fr\/boutique\/?post_type=product&#038;p=4239"},"modified":"2026-03-23T11:30:07","modified_gmt":"2026-03-23T10:30:07","slug":"les-pepites-de-lorganiste-quatre-sequences-pour-improviser-dans-tous-les-tons","status":"publish","type":"product","link":"https:\/\/orgue.musicrea-jmc.fr\/boutique\/produit\/les-pepites-de-lorganiste-quatre-sequences-pour-improviser-dans-tous-les-tons\/","title":{"rendered":"Les p\u00e9pites de l&#8217;organiste : &#8220;Quatre S\u00e9quences pour improviser dans tous les tons&#8221;"},"content":{"rendered":"<p><iframe src=\"\/\/www.youtube.com\/embed\/j7c_YANAK_k\" width=\"560\" height=\"314\" allowfullscreen=\"allowfullscreen\"><\/iframe><\/p>\n<p><span style=\"text-decoration: underline;\"><strong>Cours vid\u00e9o t\u00e9l\u00e9chargeable<\/strong><\/span><\/p>\n<p>Dans cette vid\u00e9o je propose <em>une nouvelle recette<\/em> <em>pour improviser<\/em> dans tous les tons et \u00e9voluer librement sur les claviers.<\/p>\n<p><strong>Sommaire :<\/strong><\/p>\n<div><span style=\"color: #000000;\">&#8211; Introduction<\/span><br \/>\n<span style=\"color: #000000;\">\u00a0&#8211; Pr\u00e9sentation de la premi\u00e8re s\u00e9quence<\/span><br \/>\n<span style=\"color: #000000;\">&#8211; Pr\u00e9sentation de la deuxi\u00e8me s\u00e9quence<\/span><br \/>\n<span style=\"color: #000000;\">\u00a0&#8211; Pr\u00e9sentation de la troisi\u00e8me s\u00e9quence<\/span><br \/>\n<span style=\"color: #000000;\">\u00a0&#8211; Pr\u00e9sentation de la quatri\u00e8me s\u00e9quence<\/span><br \/>\n<span style=\"color: #000000;\">&#8211; Premi\u00e8re s\u00e9quence non modulante en d\u00e9tails<\/span><br \/>\n<span style=\"color: #000000;\">&#8211; Premi\u00e8re s\u00e9quence modulante en d\u00e9tails<\/span><br \/>\n<span style=\"color: #000000;\">&#8211; Deuxi\u00e8me s\u00e9quence en d\u00e9tails<\/span><br \/>\n<span style=\"color: #000000;\">&#8211; Troisi\u00e8me s\u00e9quence en d\u00e9tails<\/span><br \/>\n<span style=\"color: #000000;\">&#8211; Quatri\u00e8me s\u00e9quence en d\u00e9tails<\/span><br \/>\n<span style=\"color: #000000;\">&#8211; Encha\u00eenement des s\u00e9quences<\/span><br \/>\n<span style=\"color: #000000;\">\u00a0&#8211; Coda<\/span><br \/>\n<span style=\"color: #000000;\">&#8211; Exemple de parcours harmoniques improvis\u00e9s (n\u00b01)<\/span><br \/>\n<span style=\"color: #000000;\">&#8211; Deuxi\u00e8me exemple d\u2019improvisation<\/span><br \/>\n<span style=\"color: #000000;\">&#8211; Reprise du premier exemple avec son parcours<\/span><br \/>\n<span style=\"color: #000000;\">harmonique<\/span><br \/>\n<span style=\"color: #000000;\">&#8211; Reprise du deuxi\u00e8me exemple avec son parcours<\/span><br \/>\n<span style=\"color: #000000;\">harmonique<\/span><\/p>\n<\/div>\n<div><span style=\"color: #000000;\"><em>Dur\u00e9e : 41 mn-8 secondes<\/em><\/span><\/div>\n<div>\u00a0<\/div>\n","protected":false},"excerpt":{"rendered":"<p>Cours vid\u00e9o t\u00e9l\u00e9chargeable Dans cette vid\u00e9o je propose une nouvelle recette pour improviser dans tous les tons et \u00e9voluer librement sur les claviers. Sommaire : &#8211; Introduction \u00a0&#8211; Pr\u00e9sentation de la premi\u00e8re s\u00e9quence &#8211; Pr\u00e9sentation de la deuxi\u00e8me s\u00e9quence \u00a0&#8211; Pr\u00e9sentation de la troisi\u00e8me s\u00e9quence \u00a0&#8211; Pr\u00e9sentation de la quatri\u00e8me s\u00e9quence &#8211; Premi\u00e8re s\u00e9quence non [&hellip;]<\/p>\n","protected":false},"featured_media":3745,"comment_status":"closed","ping_status":"closed","template":"","meta":[],"product_brand":[],"product_cat":[25],"product_tag":[],"class_list":{"0":"post-4239","1":"product","2":"type-product","3":"status-publish","4":"has-post-thumbnail","6":"product_cat-cours-video-telechargeable","8":"first","9":"instock","10":"downloadable","11":"shipping-taxable","12":"purchasable","13":"product-type-simple"},"jetpack_sharing_enabled":true,"_links":{"self":[{"href":"https:\/\/orgue.musicrea-jmc.fr\/boutique\/wp-json\/wp\/v2\/product\/4239","targetHints":{"allow":["GET"]}}],"collection":[{"href":"https:\/\/orgue.musicrea-jmc.fr\/boutique\/wp-json\/wp\/v2\/product"}],"about":[{"href":"https:\/\/orgue.musicrea-jmc.fr\/boutique\/wp-json\/wp\/v2\/types\/product"}],"replies":[{"embeddable":true,"href":"https:\/\/orgue.musicrea-jmc.fr\/boutique\/wp-json\/wp\/v2\/comments?post=4239"}],"wp:featuredmedia":[{"embeddable":true,"href":"https:\/\/orgue.musicrea-jmc.fr\/boutique\/wp-json\/wp\/v2\/media\/3745"}],"wp:attachment":[{"href":"https:\/\/orgue.musicrea-jmc.fr\/boutique\/wp-json\/wp\/v2\/media?parent=4239"}],"wp:term":[{"taxonomy":"product_brand","embeddable":true,"href":"https:\/\/orgue.musicrea-jmc.fr\/boutique\/wp-json\/wp\/v2\/product_brand?post=4239"},{"taxonomy":"product_cat","embeddable":true,"href":"https:\/\/orgue.musicrea-jmc.fr\/boutique\/wp-json\/wp\/v2\/product_cat?post=4239"},{"taxonomy":"product_tag","embeddable":true,"href":"https:\/\/orgue.musicrea-jmc.fr\/boutique\/wp-json\/wp\/v2\/product_tag?post=4239"}],"curies":[{"name":"wp","href":"https:\/\/api.w.org\/{rel}","templated":true}]}}