{"id":495,"date":"2017-11-27T11:33:05","date_gmt":"2017-11-27T10:33:05","guid":{"rendered":"https:\/\/orgue.musicrea-jmc.fr\/boutique\/?post_type=product&#038;p=495"},"modified":"2025-12-31T14:49:31","modified_gmt":"2025-12-31T13:49:31","slug":"cours-dimprovisation-a-lusage-des-organistes-vol-iii-europe","status":"publish","type":"product","link":"https:\/\/orgue.musicrea-jmc.fr\/boutique\/produit\/cours-dimprovisation-a-lusage-des-organistes-vol-iii-europe\/","title":{"rendered":"Cours d&#8217;improvisation \u00e0 l&#8217;usage des organistes Vol. I&#038;II (Europe, hors France)"},"content":{"rendered":"<p><span style=\"font-size: 16px;\">Cours d&#8217;improvisation \u00e0 l&#8217;usage des organistes : <strong>&#8220;Le choral vari\u00e9&#8221; &amp; &#8220;Pr\u00e9ludes et Toccatas, des Clefs pour improviser&#8221;<\/strong><\/span><\/p>\n<p><span style=\"font-size: 16px;\"><strong><em> <span style=\"text-decoration: underline;\">les deux volumes \u00e0 80 \u20ac et 18 \u20ac frais de port (98 \u20acuros au total) ,\u00a0 pour tout envoi en EUROPE (sauf pour la France. Pour toute commande et livraison en France, merci de vous rendre <a href=\"https:\/\/orgue.musicrea-jmc.fr\/boutique\/produit\/cours-dimprovisation-a-lusage-des-organistes-volumes-iii\/\">sur cette page)<\/a>.<br \/>\n<\/span><\/em><\/strong><\/span><\/p>\n<p>&nbsp;<\/p>\n<p><span style=\"font-size: 16px;\">\u00a0<\/span><\/p>\n<p>&nbsp;<\/p>\n","protected":false},"excerpt":{"rendered":"<p>Cours d&#8217;improvisation \u00e0 l&#8217;usage des organistes : &#8220;Le choral vari\u00e9&#8221; &amp; &#8220;Pr\u00e9ludes et Toccatas, des Clefs pour improviser&#8221; les deux volumes \u00e0 80 \u20ac et 18 \u20ac frais de port (98 \u20acuros au total) ,\u00a0 pour tout envoi en EUROPE (sauf pour la France. Pour toute commande et livraison en France, merci de vous rendre [&hellip;]<\/p>\n","protected":false},"featured_media":295,"comment_status":"closed","ping_status":"closed","template":"","meta":[],"product_brand":[],"product_cat":[26],"product_tag":[],"class_list":{"0":"post-495","1":"product","2":"type-product","3":"status-publish","4":"has-post-thumbnail","6":"product_cat-methode-partition-livraison-par-voie-postale","7":"product_shipping_class-methodes-europe-18e","9":"first","10":"instock","11":"shipping-taxable","12":"purchasable","13":"product-type-simple"},"jetpack_sharing_enabled":true,"_links":{"self":[{"href":"https:\/\/orgue.musicrea-jmc.fr\/boutique\/wp-json\/wp\/v2\/product\/495","targetHints":{"allow":["GET"]}}],"collection":[{"href":"https:\/\/orgue.musicrea-jmc.fr\/boutique\/wp-json\/wp\/v2\/product"}],"about":[{"href":"https:\/\/orgue.musicrea-jmc.fr\/boutique\/wp-json\/wp\/v2\/types\/product"}],"replies":[{"embeddable":true,"href":"https:\/\/orgue.musicrea-jmc.fr\/boutique\/wp-json\/wp\/v2\/comments?post=495"}],"wp:featuredmedia":[{"embeddable":true,"href":"https:\/\/orgue.musicrea-jmc.fr\/boutique\/wp-json\/wp\/v2\/media\/295"}],"wp:attachment":[{"href":"https:\/\/orgue.musicrea-jmc.fr\/boutique\/wp-json\/wp\/v2\/media?parent=495"}],"wp:term":[{"taxonomy":"product_brand","embeddable":true,"href":"https:\/\/orgue.musicrea-jmc.fr\/boutique\/wp-json\/wp\/v2\/product_brand?post=495"},{"taxonomy":"product_cat","embeddable":true,"href":"https:\/\/orgue.musicrea-jmc.fr\/boutique\/wp-json\/wp\/v2\/product_cat?post=495"},{"taxonomy":"product_tag","embeddable":true,"href":"https:\/\/orgue.musicrea-jmc.fr\/boutique\/wp-json\/wp\/v2\/product_tag?post=495"}],"curies":[{"name":"wp","href":"https:\/\/api.w.org\/{rel}","templated":true}]}}