{"id":517,"date":"2017-12-14T11:20:53","date_gmt":"2017-12-14T10:20:53","guid":{"rendered":"https:\/\/orgue.musicrea-jmc.fr\/boutique\/?post_type=product&#038;p=517"},"modified":"2025-12-31T14:48:47","modified_gmt":"2025-12-31T13:48:47","slug":"cours-video-improviser-une-toccata","status":"publish","type":"product","link":"https:\/\/orgue.musicrea-jmc.fr\/boutique\/produit\/cours-video-improviser-une-toccata\/","title":{"rendered":"Cours vid\u00e9o : &#8220;Improviser une Toccata&#8221;"},"content":{"rendered":"<p><span style=\"font-size: 20px;\"><em><strong>Comment improviser une toccata \u00e0 la mode Baroque<\/strong><\/em><\/span><\/p>\n<p>En plus du cours vid\u00e9o (au format MP4), deux fichiers PDF sont inclus dans le t\u00e9l\u00e9chargement :<\/p>\n<ul>\n<li>Le chapitrage complet du cours vid\u00e9o.<\/li>\n<li>La partition &#8220;aide-m\u00e9moire&#8221; des principaux \u00e9l\u00e9ments constitutifs.<\/li>\n<\/ul>\n<p><em>Dur\u00e9e totale du cours vid\u00e9o : 40 mn<br \/>\n<\/em><\/p>\n<p><iframe src=\"https:\/\/www.youtube.com\/embed\/tUBIKavXf0M\" width=\"560\" height=\"315\" frameborder=\"0\" allowfullscreen=\"allowfullscreen\"><\/iframe><\/p>\n<p style=\"text-align: center;\"><span style=\"text-decoration: underline;\"><strong>Sommaire du cours vid\u00e9o :<\/strong><\/span><\/p>\n<p><span style=\"font-size: medium;\"><b>Introduction<\/b><\/span><\/p>\n<p align=\"left\"><span style=\"font-size: medium;\"><b>La cellule th\u00e9matique<\/b><\/span><\/p>\n<p align=\"left\"><span style=\"font-size: medium;\">Accompagner le sujet \u00e0 la 3ce, \u00e0 la 6te<\/span><\/p>\n<p align=\"left\"><span style=\"font-size: medium;\">La cellule th\u00e9matique en fa majeur, do majeur, sol mineur<\/span><\/p>\n<p align=\"left\"><span style=\"font-size: medium;\">Variante du sujet<\/span><\/p>\n<p align=\"left\"><span style=\"font-size: medium;\">Exercice\u00a0: encha\u00eenement du sujet et variante dans les tons voisins<\/span><\/p>\n<p align=\"left\"><span style=\"font-size: medium;\"><b>Toccata improvis\u00e9e\u00a0: partie 1<\/b><\/span><\/p>\n<p align=\"left\"><span style=\"font-size: medium;\">Reprise de l&#8217;exposition du th\u00e8me<\/span><\/p>\n<p align=\"left\"><span style=\"font-size: medium;\">Reprise de la 1\u00e8re partie<\/span><\/p>\n<p align=\"left\"><span style=\"font-size: medium;\">Premi\u00e8re marche harmonique<\/span><\/p>\n<p align=\"left\"><span style=\"font-size: medium;\">Fin de la 1\u00e8re partie et encha\u00eenement avec la marche harmonique<\/span><\/p>\n<p align=\"left\"><span style=\"font-size: medium;\">Deuxi\u00e8me marche harmonique<\/span><\/p>\n<p align=\"left\"><span style=\"font-size: medium;\"><b>Partie 2\u00a0: th\u00e8me au relatif et tons voisins<\/b><\/span><\/p>\n<p align=\"left\"><span style=\"font-size: medium;\">Troisi\u00e8me marche et retour sur la dominante de r\u00e9<\/span><\/p>\n<p align=\"left\"><span style=\"font-size: medium;\">P\u00e9dale de dominante, cadence parfaite, emprunt au 4\u00e8me degr\u00e9<\/span><\/p>\n<p align=\"left\"><span style=\"font-size: medium;\">Accord de 7\u00e8me diminu\u00e9e sur p\u00e9dale de tonique<\/span><\/p>\n<p align=\"left\"><span style=\"font-size: medium;\">Les trois traits de p\u00e9dales<\/span><\/p>\n<p align=\"left\"><span style=\"font-size: medium;\">La toccata en version comment\u00e9e<\/span><\/p>\n<p align=\"left\"><span style=\"font-size: medium;\"><b>CONCLUSION<\/b>\u00a0: r\u00e9sum\u00e9 de la Toccata<\/span><\/p>\n<p align=\"left\"><span style=\"font-size: medium;\"><b>FIN<\/b><\/span><\/p>\n<p align=\"left\">(Dur\u00e9e totale : 40 mn, 06 sec.)<\/p>\n<p>&nbsp;<\/p>\n","protected":false},"excerpt":{"rendered":"<p>Comment improviser une toccata \u00e0 la mode Baroque En plus du cours vid\u00e9o (au format MP4), deux fichiers PDF sont inclus dans le t\u00e9l\u00e9chargement : Le chapitrage complet du cours vid\u00e9o. La partition &#8220;aide-m\u00e9moire&#8221; des principaux \u00e9l\u00e9ments constitutifs. Dur\u00e9e totale du cours vid\u00e9o : 40 mn Sommaire du cours vid\u00e9o : Introduction La cellule th\u00e9matique [&hellip;]<\/p>\n","protected":false},"featured_media":525,"comment_status":"closed","ping_status":"closed","template":"","meta":[],"product_brand":[],"product_cat":[25],"product_tag":[],"class_list":{"0":"post-517","1":"product","2":"type-product","3":"status-publish","4":"has-post-thumbnail","6":"product_cat-cours-video-telechargeable","8":"first","9":"instock","10":"downloadable","11":"virtual","12":"purchasable","13":"product-type-simple"},"jetpack_sharing_enabled":true,"_links":{"self":[{"href":"https:\/\/orgue.musicrea-jmc.fr\/boutique\/wp-json\/wp\/v2\/product\/517","targetHints":{"allow":["GET"]}}],"collection":[{"href":"https:\/\/orgue.musicrea-jmc.fr\/boutique\/wp-json\/wp\/v2\/product"}],"about":[{"href":"https:\/\/orgue.musicrea-jmc.fr\/boutique\/wp-json\/wp\/v2\/types\/product"}],"replies":[{"embeddable":true,"href":"https:\/\/orgue.musicrea-jmc.fr\/boutique\/wp-json\/wp\/v2\/comments?post=517"}],"wp:featuredmedia":[{"embeddable":true,"href":"https:\/\/orgue.musicrea-jmc.fr\/boutique\/wp-json\/wp\/v2\/media\/525"}],"wp:attachment":[{"href":"https:\/\/orgue.musicrea-jmc.fr\/boutique\/wp-json\/wp\/v2\/media?parent=517"}],"wp:term":[{"taxonomy":"product_brand","embeddable":true,"href":"https:\/\/orgue.musicrea-jmc.fr\/boutique\/wp-json\/wp\/v2\/product_brand?post=517"},{"taxonomy":"product_cat","embeddable":true,"href":"https:\/\/orgue.musicrea-jmc.fr\/boutique\/wp-json\/wp\/v2\/product_cat?post=517"},{"taxonomy":"product_tag","embeddable":true,"href":"https:\/\/orgue.musicrea-jmc.fr\/boutique\/wp-json\/wp\/v2\/product_tag?post=517"}],"curies":[{"name":"wp","href":"https:\/\/api.w.org\/{rel}","templated":true}]}}