{"id":802,"date":"2018-10-16T16:54:30","date_gmt":"2018-10-16T14:54:30","guid":{"rendered":"https:\/\/orgue.musicrea-jmc.fr\/boutique\/?post_type=product&#038;p=802"},"modified":"2025-12-31T14:48:02","modified_gmt":"2025-12-31T13:48:02","slug":"cours-video-de-nouvelles-couleurs-pour-improviser","status":"publish","type":"product","link":"https:\/\/orgue.musicrea-jmc.fr\/boutique\/produit\/cours-video-de-nouvelles-couleurs-pour-improviser\/","title":{"rendered":"Cours vid\u00e9o &#8220;De nouvelles couleurs pour improviser&#8221;"},"content":{"rendered":"<p align=\"CENTER\"><span style=\"font-size: large;\">Cours d&#8217;improvisation \u00e0 l&#8217;usage des organistes<\/span><\/p>\n<p align=\"CENTER\"><span style=\"font-size: large;\"><i>\u00ab\u00a0DE NOUVELLES COULEURS POUR IMPROVISER\u00a0\u00bb<\/i><\/span><\/p>\n<p align=\"CENTER\">Cours vid\u00e9o<\/p>\n<p align=\"CENTER\"><span style=\"font-size: 20px;\">&#8220;Apprendre \u00e0 improviser aux couleurs d&#8217;Olivier Messiaen&#8221;<\/span><\/p>\n<p align=\"CENTER\"><iframe src=\"\/\/www.youtube.com\/embed\/vzpmu0TiXrw\" width=\"560\" height=\"315\" frameborder=\"0\" allowfullscreen=\"allowfullscreen\"><\/iframe><\/p>\n<p style=\"text-align: left;\" align=\"CENTER\"><span style=\"font-size: 20px;\"><strong>Sommaire du cours<\/strong> (59 mn 51 s) :<\/span><\/p>\n<p align=\"LEFT\"><span style=\"font-size: large;\"><b>1\u00e8re partie<\/b>-Le mode demi ton\/ton-Les quatre accords magiques-Superposition d&#8217;accords<\/span><\/p>\n<ul>\n<li><span style=\"font-size: large;\">Le mode demi ton\/ton<\/span><\/li>\n<li><span style=\"font-size: large;\">Improviser en monodie sur le mode<\/span><\/li>\n<li><span style=\"font-size: large;\">Mode \u00e0 transposition limit\u00e9e<\/span><\/li>\n<li><span style=\"font-size: large;\">1\u00e8re mprovisation<\/span><\/li>\n<li><span style=\"font-size: large;\">2\u00e8me improvisation<\/span><\/li>\n<li><span style=\"font-size: large;\">Les quatre accords magiques<\/span><\/li>\n<li><span style=\"font-size: large;\">Improvisation sur les quatre accords<\/span><\/li>\n<li><span style=\"font-size: large;\">Superposition d&#8217;accords<\/span><\/li>\n<li><span style=\"font-size: large;\">Improvisation sur les fonds<\/span><\/li>\n<li><span style=\"font-size: large;\">Autre mani\u00e8re et combinaison des tournures<\/span><\/li>\n<li><span style=\"font-size: large;\">R\u00e9sum\u00e9 de la 1\u00e8re partie<\/span><\/li>\n<li><span style=\"font-size: large;\"><b>2\u00e8me partie\u00a0<\/b>: Transposition des accords &#8211; Accords 6\/4 avec quarte augment\u00e9e ajout\u00e9e \u2013 Autre mani\u00e8re pour harmoniser le mode.<\/span><\/li>\n<li><span style=\"font-size: large;\">Transposition des quatre accords<\/span><\/li>\n<li><span style=\"font-size: large;\">Accords de 6\/4 et quarte augment\u00e9e ajout\u00e9e<\/span><\/li>\n<li><span style=\"font-size: large;\">Improvisation sur les accords de 6\/4 rehauss\u00e9s de la quarte augment\u00e9e<\/span><\/li>\n<li><span style=\"font-size: large;\">Autre mani\u00e8re pour harmoniser le mode<\/span><\/li>\n<li><span style=\"font-size: large;\">Parcourir le clavier avec quatre accords majeurs et mineurs \u2013 Improvisation<\/span><\/li>\n<li><span style=\"font-size: large;\">Monter et descendre sur quatre accords majeurs et mineurs<\/span><\/li>\n<li><span style=\"font-size: large;\">Improvisation sur la nouvelle harmonisation<\/span><\/li>\n<li><span style=\"font-size: large;\">Le m\u00eame exemple \u00ab\u00a0A tempo\u00a0\u00bb<\/span><\/li>\n<li><span style=\"font-size: large;\">Enrichissement de l&#8217;harmonisation \u2013 Improvisation<\/span><\/li>\n<li><span style=\"font-size: large;\">Exercice d&#8217;encha\u00eenement d&#8217;accords<\/span><\/li>\n<li><span style=\"font-size: large;\">Exemples d&#8217;improvisations<\/span><\/li>\n<li><span style=\"font-size: large;\">Improvisation\u00a0: triolets MG&amp;MD, chant au soprano, imitations \u00e0 la p\u00e9dale<\/span><\/li>\n<li><span style=\"font-size: large;\">Les principaux exemples improvis\u00e9s<\/span><\/li>\n<li><span style=\"font-size: large;\">FIN (dur\u00e9e du cours : 59 mn 51 s)<br \/>\n<\/span><\/li>\n<\/ul>\n","protected":false},"excerpt":{"rendered":"<p>Cours d&#8217;improvisation \u00e0 l&#8217;usage des organistes \u00ab\u00a0DE NOUVELLES COULEURS POUR IMPROVISER\u00a0\u00bb Cours vid\u00e9o &#8220;Apprendre \u00e0 improviser aux couleurs d&#8217;Olivier Messiaen&#8221; Sommaire du cours (59 mn 51 s) : 1\u00e8re partie-Le mode demi ton\/ton-Les quatre accords magiques-Superposition d&#8217;accords Le mode demi ton\/ton Improviser en monodie sur le mode Mode \u00e0 transposition limit\u00e9e 1\u00e8re mprovisation 2\u00e8me improvisation [&hellip;]<\/p>\n","protected":false},"featured_media":803,"comment_status":"closed","ping_status":"closed","template":"","meta":[],"product_brand":[],"product_cat":[25],"product_tag":[],"class_list":{"0":"post-802","1":"product","2":"type-product","3":"status-publish","4":"has-post-thumbnail","6":"product_cat-cours-video-telechargeable","8":"first","9":"instock","10":"downloadable","11":"virtual","12":"purchasable","13":"product-type-simple"},"jetpack_sharing_enabled":true,"_links":{"self":[{"href":"https:\/\/orgue.musicrea-jmc.fr\/boutique\/wp-json\/wp\/v2\/product\/802","targetHints":{"allow":["GET"]}}],"collection":[{"href":"https:\/\/orgue.musicrea-jmc.fr\/boutique\/wp-json\/wp\/v2\/product"}],"about":[{"href":"https:\/\/orgue.musicrea-jmc.fr\/boutique\/wp-json\/wp\/v2\/types\/product"}],"replies":[{"embeddable":true,"href":"https:\/\/orgue.musicrea-jmc.fr\/boutique\/wp-json\/wp\/v2\/comments?post=802"}],"wp:featuredmedia":[{"embeddable":true,"href":"https:\/\/orgue.musicrea-jmc.fr\/boutique\/wp-json\/wp\/v2\/media\/803"}],"wp:attachment":[{"href":"https:\/\/orgue.musicrea-jmc.fr\/boutique\/wp-json\/wp\/v2\/media?parent=802"}],"wp:term":[{"taxonomy":"product_brand","embeddable":true,"href":"https:\/\/orgue.musicrea-jmc.fr\/boutique\/wp-json\/wp\/v2\/product_brand?post=802"},{"taxonomy":"product_cat","embeddable":true,"href":"https:\/\/orgue.musicrea-jmc.fr\/boutique\/wp-json\/wp\/v2\/product_cat?post=802"},{"taxonomy":"product_tag","embeddable":true,"href":"https:\/\/orgue.musicrea-jmc.fr\/boutique\/wp-json\/wp\/v2\/product_tag?post=802"}],"curies":[{"name":"wp","href":"https:\/\/api.w.org\/{rel}","templated":true}]}}